{"id":126,"date":"2013-08-31T14:56:44","date_gmt":"2013-08-31T13:56:44","guid":{"rendered":"http:\/\/localhost\/wordpress\/?page_id=126"},"modified":"2025-04-04T09:20:54","modified_gmt":"2025-04-04T07:20:54","slug":"basket","status":"publish","type":"page","link":"https:\/\/bds.ens-paris-saclay.fr\/?page_id=126","title":{"rendered":"Basket M"},"content":{"rendered":"\n<figure class=\"wp-block-image size-large\"><img decoding=\"async\" loading=\"lazy\" width=\"1024\" height=\"307\" src=\"https:\/\/bds.ens-paris-saclay.fr\/wp-content\/uploads\/2025\/04\/24-1024x307.jpg\" alt=\"\" class=\"wp-image-2781\" srcset=\"https:\/\/bds.ens-paris-saclay.fr\/wp-content\/uploads\/2025\/04\/24-1024x307.jpg 1024w, https:\/\/bds.ens-paris-saclay.fr\/wp-content\/uploads\/2025\/04\/24-300x90.jpg 300w, https:\/\/bds.ens-paris-saclay.fr\/wp-content\/uploads\/2025\/04\/24-768x230.jpg 768w, https:\/\/bds.ens-paris-saclay.fr\/wp-content\/uploads\/2025\/04\/24-1536x461.jpg 1536w, https:\/\/bds.ens-paris-saclay.fr\/wp-content\/uploads\/2025\/04\/24.jpg 2000w\" sizes=\"(max-width: 1024px) 100vw, 1024px\" \/><\/figure>\n\n\n<p>Tu souhaites reprendre o\u00f9 d\u00e9couvrir le basket \u00e0 l\u2019ENS ? L\u2019association de basket est l\u00e0 pour toi ! Que tu souhaites simplement t\u2019entra\u00eener pour le plaisir ou faire de la comp\u00e9tition les deux sont possibles avec des entra\u00eenements hebdomadaires et deux \u00e9quipes engag\u00e9es en comp\u00e9tition ce qui permet aux joueur de tous niveaux de participer aux matchs et diff\u00e9rents tournois organis\u00e9s.<\/p>\n<p><strong>Quand ?&nbsp;<\/strong> Le lundi de 20h15 \u00e0 22h15 toute l&rsquo;ann\u00e9e et le jeudi de 18h00 \u00e0 20h00 jusqu&rsquo;aux vacances d&rsquo;automne<\/p>\n<p><strong>O\u00f9 ?&nbsp;<\/strong>Gymnase type E (lundi) Gymnase C2 du Moulon (Jeudi)<\/p>\n<p><\/p>\n<p><button style=\"width: auto; height: auto; background-image: url('data:image\/png;base64,iVBORw0KGgoAAAANSUhEUgAAADAAAAAwCAYAAABXAvmHAAABS2lUWHRYTUw6Y29tLmFkb2JlLnhtcAAAAAAAPD94cGFja2V0IGJlZ2luPSLvu78iIGlkPSJXNU0wTXBDZWhpSHpyZVN6TlRjemtjOWQiPz4KPHg6eG1wbWV0YSB4bWxuczp4PSJhZG9iZTpuczptZXRhLyIgeDp4bXB0az0iQWRvYmUgWE1QIENvcmUgNS42LWMxMzggNzkuMTU5ODI0LCAyMDE2LzA5LzE0LTAxOjA5OjAxICAgICAgICAiPgogPHJkZjpSREYgeG1sbnM6cmRmPSJodHRwOi8vd3d3LnczLm9yZy8xOTk5LzAyLzIyLXJkZi1zeW50YXgtbnMjIj4KICA8cmRmOkRlc2NyaXB0aW9uIHJkZjphYm91dD0iIi8+CiA8L3JkZjpSREY+CjwveDp4bXBtZXRhPgo8P3hwYWNrZXQgZW5kPSJyIj8+IEmuOgAAAx5JREFUaIHtmj1L81wYx39JI75AbYtgBTFTRdQGXV2cxMlPICjiakHE0cVJB5FO4uLgN1AnZ\/0EgoLQtd6tL6hJIwia9DzDg6Wxpcb7hMTe+INCz+t1\/TnJuU7OOYoQ4g8Qpz2xFSGEiNoLGVTAjtoJCWw1ag9k0eoTQgg2NzcplUp0dHRE5VNTHMdB0zTy+TydnZ21fI8Ay7K4vr4ml8uRSqVCd7IVQgjW19cpFAoYhlHLbxiBTCbD9PR06A76YXx8HNd1PXmed0BRFBzHwTTNUB3zy\/v7O7FYzJPX9i\/xr4Co0b6u0prj42Pu7u5a1unp6UHXdSYmJkgmk7ImPUgLWFlZoVQq+aqbSCSYn59ne3ubRCIhaxoI4BHSdd13Xcuy2N\/fxzCML0fNL9IjoChK7f\/p6Smjo6MNdWzb5vz8nI2NDUzTpFgsMjMzw+Xlpax5eQH1TE5OMjAw0LQsm80yNzdHNpvFtm2urq44PDxkaWlJymags9D9\/X3Lcl3X2dnZqaX39vakbYY+jS4uLtLV1QXAxcUFlUpFqr\/QBXR3d9Pf3w\/8v8J8fn6W6i90Aa7r8vT0BEAsFpOeTkMXcHJywsvLCwAjIyPSgS1QAb29vS3LHx4eyOVytfTy8rK0zUAFPD4+8vb25vm9vr5SLBY5ODjAMAzK5TIAQ0NDrK6uStsMNA7Mzs42rNfrn\/kP0uk0Z2dnaJq8+UAFfHb0M6qqsrCwwO7uLn19fYHYDFTA2tpa00isaRqDg4NMTU19a+3kh0AFbG1t1YJUWAT6EhcKhSC780Xbf5H9CoiaXwFRIy2gPng5jiPb3beRjgPDw8NYlgUQegyAAAQcHR3xccgTxNrmu0hbjMJpj32ZxkIITNOkWq16tlf8tlVVlWQy+e229UgLKJfLuK77VwI+PikjE6CqKmNjYzJdSPPvxQFVVT2HaD8JVVX5fKzdcEZWLpe5vb39cYd8ADc3Nw1nZB4B8XicdDpNPp+PJCi1wnEcUqkUmUzGk68IISp8uitRqVSoVqth+ueLJntIdtNZ6Kv9nZ9E21\/20IASbXzd5j\/MIQu2KoJrJwAAAABJRU5ErkJggg=='); background-size: 14px 14px; background-color: #000000; position: absolute; opacity: 1; z-index: 86753099; display: none; cursor: pointer; border: none; border-top-left-radius: 3px; border-top-right-radius: 3px; border-bottom-right-radius: 3px; border-bottom-left-radius: 3px; text-indent: 20px; padding: 0px 4px 0px 0px; text-align: center; font-style: normal; font-variant-caps: normal; font-weight: bold; font-stretch: normal; font-size: 11px; line-height: 20px; font-family: 'Helvetica Neue', Helvetica, sans-serif; color: #ffffff; text-transform: capitalize; -webkit-font-smoothing: antialiased; top: 897px; left: 20px; background-position: 3px 50%; background-repeat: no-repeat no-repeat;\">plan it<\/button><\/p>\n\n\n<figure class=\"wp-block-image size-large\"><img decoding=\"async\" loading=\"lazy\" width=\"1024\" height=\"768\" src=\"https:\/\/bds.ens-paris-saclay.fr\/wp-content\/uploads\/2024\/08\/WhatsApp-Image-2024-08-20-a-14.36.04_7d900f20-1024x768.jpg\" alt=\"\" class=\"wp-image-2144\" srcset=\"https:\/\/bds.ens-paris-saclay.fr\/wp-content\/uploads\/2024\/08\/WhatsApp-Image-2024-08-20-a-14.36.04_7d900f20-1024x768.jpg 1024w, https:\/\/bds.ens-paris-saclay.fr\/wp-content\/uploads\/2024\/08\/WhatsApp-Image-2024-08-20-a-14.36.04_7d900f20-300x225.jpg 300w, https:\/\/bds.ens-paris-saclay.fr\/wp-content\/uploads\/2024\/08\/WhatsApp-Image-2024-08-20-a-14.36.04_7d900f20-768x576.jpg 768w, https:\/\/bds.ens-paris-saclay.fr\/wp-content\/uploads\/2024\/08\/WhatsApp-Image-2024-08-20-a-14.36.04_7d900f20-1536x1152.jpg 1536w, https:\/\/bds.ens-paris-saclay.fr\/wp-content\/uploads\/2024\/08\/WhatsApp-Image-2024-08-20-a-14.36.04_7d900f20.jpg 1600w\" sizes=\"(max-width: 1024px) 100vw, 1024px\" \/><\/figure>\n\n\n\n<figure class=\"wp-block-image size-large\"><img decoding=\"async\" loading=\"lazy\" width=\"1024\" height=\"681\" src=\"https:\/\/bds.ens-paris-saclay.fr\/wp-content\/uploads\/2024\/08\/DSC_CL-167-1024x681.jpg\" alt=\"\" class=\"wp-image-2125\" srcset=\"https:\/\/bds.ens-paris-saclay.fr\/wp-content\/uploads\/2024\/08\/DSC_CL-167-1024x681.jpg 1024w, https:\/\/bds.ens-paris-saclay.fr\/wp-content\/uploads\/2024\/08\/DSC_CL-167-300x199.jpg 300w, https:\/\/bds.ens-paris-saclay.fr\/wp-content\/uploads\/2024\/08\/DSC_CL-167-768x511.jpg 768w, https:\/\/bds.ens-paris-saclay.fr\/wp-content\/uploads\/2024\/08\/DSC_CL-167-1536x1021.jpg 1536w, https:\/\/bds.ens-paris-saclay.fr\/wp-content\/uploads\/2024\/08\/DSC_CL-167-2048x1362.jpg 2048w\" sizes=\"(max-width: 1024px) 100vw, 1024px\" \/><\/figure>\n\n\n\n<figure class=\"wp-block-image size-large\"><img decoding=\"async\" loading=\"lazy\" width=\"498\" height=\"1024\" src=\"https:\/\/bds.ens-paris-saclay.fr\/wp-content\/uploads\/2024\/08\/WhatsApp-Image-2024-08-20-a-14.36.05_5fcf7f7b-498x1024.jpg\" alt=\"\" class=\"wp-image-2146\" srcset=\"https:\/\/bds.ens-paris-saclay.fr\/wp-content\/uploads\/2024\/08\/WhatsApp-Image-2024-08-20-a-14.36.05_5fcf7f7b-498x1024.jpg 498w, https:\/\/bds.ens-paris-saclay.fr\/wp-content\/uploads\/2024\/08\/WhatsApp-Image-2024-08-20-a-14.36.05_5fcf7f7b-146x300.jpg 146w, https:\/\/bds.ens-paris-saclay.fr\/wp-content\/uploads\/2024\/08\/WhatsApp-Image-2024-08-20-a-14.36.05_5fcf7f7b-768x1579.jpg 768w, https:\/\/bds.ens-paris-saclay.fr\/wp-content\/uploads\/2024\/08\/WhatsApp-Image-2024-08-20-a-14.36.05_5fcf7f7b-747x1536.jpg 747w, https:\/\/bds.ens-paris-saclay.fr\/wp-content\/uploads\/2024\/08\/WhatsApp-Image-2024-08-20-a-14.36.05_5fcf7f7b.jpg 778w\" sizes=\"(max-width: 498px) 100vw, 498px\" \/><\/figure>\n\n\n\n<figure class=\"wp-block-image size-large\"><img decoding=\"async\" loading=\"lazy\" width=\"1024\" height=\"964\" src=\"https:\/\/bds.ens-paris-saclay.fr\/wp-content\/uploads\/2024\/08\/WhatsApp-Image-2024-08-20-a-14.36.05_b86b57ac-1024x964.jpg\" alt=\"\" class=\"wp-image-2147\" srcset=\"https:\/\/bds.ens-paris-saclay.fr\/wp-content\/uploads\/2024\/08\/WhatsApp-Image-2024-08-20-a-14.36.05_b86b57ac-1024x964.jpg 1024w, https:\/\/bds.ens-paris-saclay.fr\/wp-content\/uploads\/2024\/08\/WhatsApp-Image-2024-08-20-a-14.36.05_b86b57ac-300x282.jpg 300w, https:\/\/bds.ens-paris-saclay.fr\/wp-content\/uploads\/2024\/08\/WhatsApp-Image-2024-08-20-a-14.36.05_b86b57ac-768x723.jpg 768w, https:\/\/bds.ens-paris-saclay.fr\/wp-content\/uploads\/2024\/08\/WhatsApp-Image-2024-08-20-a-14.36.05_b86b57ac.jpg 1440w\" sizes=\"(max-width: 1024px) 100vw, 1024px\" \/><\/figure>\n","protected":false},"excerpt":{"rendered":"<p>Tu souhaites reprendre o\u00f9 d\u00e9couvrir le basket \u00e0 l\u2019ENS ? L\u2019association de basket est l\u00e0 pour toi ! Que tu souhaites simplement t\u2019entra\u00eener pour le plaisir ou faire de la comp\u00e9tition les deux sont possibles avec des entra\u00eenements hebdomadaires et deux \u00e9quipes engag\u00e9es en comp\u00e9tition ce qui permet aux joueur de tous niveaux de participer [&hellip;]<\/p>\n","protected":false},"author":1,"featured_media":0,"parent":0,"menu_order":0,"comment_status":"closed","ping_status":"open","template":"","meta":{"_mi_skip_tracking":false},"_links":{"self":[{"href":"https:\/\/bds.ens-paris-saclay.fr\/index.php?rest_route=\/wp\/v2\/pages\/126"}],"collection":[{"href":"https:\/\/bds.ens-paris-saclay.fr\/index.php?rest_route=\/wp\/v2\/pages"}],"about":[{"href":"https:\/\/bds.ens-paris-saclay.fr\/index.php?rest_route=\/wp\/v2\/types\/page"}],"author":[{"embeddable":true,"href":"https:\/\/bds.ens-paris-saclay.fr\/index.php?rest_route=\/wp\/v2\/users\/1"}],"replies":[{"embeddable":true,"href":"https:\/\/bds.ens-paris-saclay.fr\/index.php?rest_route=%2Fwp%2Fv2%2Fcomments&post=126"}],"version-history":[{"count":26,"href":"https:\/\/bds.ens-paris-saclay.fr\/index.php?rest_route=\/wp\/v2\/pages\/126\/revisions"}],"predecessor-version":[{"id":2782,"href":"https:\/\/bds.ens-paris-saclay.fr\/index.php?rest_route=\/wp\/v2\/pages\/126\/revisions\/2782"}],"wp:attachment":[{"href":"https:\/\/bds.ens-paris-saclay.fr\/index.php?rest_route=%2Fwp%2Fv2%2Fmedia&parent=126"}],"curies":[{"name":"wp","href":"https:\/\/api.w.org\/{rel}","templated":true}]}}