{"id":2631,"date":"2025-03-17T13:35:59","date_gmt":"2025-03-17T11:35:59","guid":{"rendered":"https:\/\/bds.ens-paris-saclay.fr\/?page_id=2631"},"modified":"2025-04-04T09:22:42","modified_gmt":"2025-04-04T07:22:42","slug":"clubs-bds","status":"publish","type":"page","link":"https:\/\/bds.ens-paris-saclay.fr\/?page_id=2631","title":{"rendered":"Clubs BDS"},"content":{"rendered":"\n<figure class=\"wp-block-image size-large\"><img decoding=\"async\" loading=\"lazy\" width=\"1024\" height=\"307\" src=\"https:\/\/bds.ens-paris-saclay.fr\/wp-content\/uploads\/2025\/04\/3-1024x307.jpg\" alt=\"\" class=\"wp-image-2789\" srcset=\"https:\/\/bds.ens-paris-saclay.fr\/wp-content\/uploads\/2025\/04\/3-1024x307.jpg 1024w, https:\/\/bds.ens-paris-saclay.fr\/wp-content\/uploads\/2025\/04\/3-300x90.jpg 300w, https:\/\/bds.ens-paris-saclay.fr\/wp-content\/uploads\/2025\/04\/3-768x230.jpg 768w, https:\/\/bds.ens-paris-saclay.fr\/wp-content\/uploads\/2025\/04\/3-1536x461.jpg 1536w, https:\/\/bds.ens-paris-saclay.fr\/wp-content\/uploads\/2025\/04\/3.jpg 2000w\" sizes=\"(max-width: 1024px) 100vw, 1024px\" \/><\/figure>\n\n\n<p>Qu&rsquo;est-ce qu&rsquo;un club BDS ?<\/p>\n<p>Les clubs BDS, ce sont des groupent de personnes qui aiment un m\u00eame sport et qui se r\u00e9unissent pour pratique ce sport ensemble (apr\u00e8s avoir effectu\u00e9 quelques d\u00e9marches administratives avec le BDS). Ces clubs servent \u00e0 promouvoir des <strong>sports qui ne sont pas propos\u00e9s par l&rsquo;AS<\/strong>.<\/p>\n<p>Quelle est la diff\u00e9rence entre un club BDS et les sports propos\u00e9s par l&rsquo;AS ?<\/p>\n<p>Contrairement aux sports propos\u00e9s par l&rsquo;AS, les clubs BDS ne proposent pas des cours r\u00e9alis\u00e9s par des professeurs de sport. Les clubs BDS sont g\u00e9r\u00e9s par les \u00e9tudiant\u2e31es qui composent le club et qui s&rsquo;occupent d&rsquo;organiser leurs entra\u00eenements ou leurs \u00e9v\u00e9nements (ou ce qu&rsquo;iels ont envie de faire).<\/p>\n<p>Quels sont les clubs BDS ?<\/p>\n<p>A l&rsquo;heure actuelle, il existe plusieurs clubs BDS :&nbsp;<\/p>\n<ul>\n<li>Fl\u00e9ch[ENS], le club de fl\u00e9chettes ;<\/li>\n<li><a href=\"https:\/\/bds.ens-paris-saclay.fr\/?page_id=2654\">Mouv[ENS]<\/a>, le club de danse ;<\/li>\n<li><a href=\"https:\/\/bds.ens-paris-saclay.fr\/?page_id=2648\">Ultimen[ENS]<\/a>, le club d&rsquo;ultimate.<\/li>\n<li>Handball[ENS]tique, le club de handball&nbsp;<\/li>\n<li>Soul&rsquo;Oc\u00e9[ENS], le club de natation<\/li>\n<li>Trekk[ENS], le club de randonn\u00e9e<\/li>\n<li>La Kultte, le club de course \u00e0 pied<\/li>\n<\/ul>\n<p>Comment faire partie d&rsquo;un club BDS ?<\/p>\n<p>Il suffit de contacter un membre du club et de demander \u00e0 participer aux activit\u00e9s du club ! Pour savoir \u00e0 qui s&rsquo;adresser si tu ne connais aucun membre de ces clubs, n&rsquo;h\u00e9site pas \u00e0 demander au BDS de te mettre en lien avec les personnes concern\u00e9es. Les clubs <a href=\"https:\/\/www.instagram.com\/club.mouvens\/\">Mouv[ENS]<\/a> et <a href=\"https:\/\/www.instagram.com\/flechens180\/\">Fl\u00e9ch[ENS]<\/a> peuvent aussi \u00eatre contact\u00e9s sur instagram.<\/p>\n<p><\/p>","protected":false},"excerpt":{"rendered":"<p>Qu&rsquo;est-ce qu&rsquo;un club BDS ? Les clubs BDS, ce sont des groupent de personnes qui aiment un m\u00eame sport et qui se r\u00e9unissent pour pratique ce sport ensemble (apr\u00e8s avoir effectu\u00e9 quelques d\u00e9marches administratives avec le BDS). Ces clubs servent \u00e0 promouvoir des sports qui ne sont pas propos\u00e9s par l&rsquo;AS. Quelle est la diff\u00e9rence [&hellip;]<\/p>\n","protected":false},"author":1,"featured_media":0,"parent":0,"menu_order":0,"comment_status":"closed","ping_status":"closed","template":"","meta":{"_mi_skip_tracking":false},"_links":{"self":[{"href":"https:\/\/bds.ens-paris-saclay.fr\/index.php?rest_route=\/wp\/v2\/pages\/2631"}],"collection":[{"href":"https:\/\/bds.ens-paris-saclay.fr\/index.php?rest_route=\/wp\/v2\/pages"}],"about":[{"href":"https:\/\/bds.ens-paris-saclay.fr\/index.php?rest_route=\/wp\/v2\/types\/page"}],"author":[{"embeddable":true,"href":"https:\/\/bds.ens-paris-saclay.fr\/index.php?rest_route=\/wp\/v2\/users\/1"}],"replies":[{"embeddable":true,"href":"https:\/\/bds.ens-paris-saclay.fr\/index.php?rest_route=%2Fwp%2Fv2%2Fcomments&post=2631"}],"version-history":[{"count":7,"href":"https:\/\/bds.ens-paris-saclay.fr\/index.php?rest_route=\/wp\/v2\/pages\/2631\/revisions"}],"predecessor-version":[{"id":2790,"href":"https:\/\/bds.ens-paris-saclay.fr\/index.php?rest_route=\/wp\/v2\/pages\/2631\/revisions\/2790"}],"wp:attachment":[{"href":"https:\/\/bds.ens-paris-saclay.fr\/index.php?rest_route=%2Fwp%2Fv2%2Fmedia&parent=2631"}],"curies":[{"name":"wp","href":"https:\/\/api.w.org\/{rel}","templated":true}]}}