{"id":2634,"date":"2025-03-17T13:56:55","date_gmt":"2025-03-17T11:56:55","guid":{"rendered":"https:\/\/bds.ens-paris-saclay.fr\/?page_id=2634"},"modified":"2025-04-04T12:44:39","modified_gmt":"2025-04-04T10:44:39","slug":"bds","status":"publish","type":"page","link":"https:\/\/bds.ens-paris-saclay.fr\/?page_id=2634","title":{"rendered":"BDS"},"content":{"rendered":"\n<figure class=\"wp-block-image size-large\"><img decoding=\"async\" loading=\"lazy\" width=\"1024\" height=\"307\" src=\"https:\/\/bds.ens-paris-saclay.fr\/wp-content\/uploads\/2025\/04\/1-1-1024x307.jpg\" alt=\"\" class=\"wp-image-2783\" srcset=\"https:\/\/bds.ens-paris-saclay.fr\/wp-content\/uploads\/2025\/04\/1-1-1024x307.jpg 1024w, https:\/\/bds.ens-paris-saclay.fr\/wp-content\/uploads\/2025\/04\/1-1-300x90.jpg 300w, https:\/\/bds.ens-paris-saclay.fr\/wp-content\/uploads\/2025\/04\/1-1-768x230.jpg 768w, https:\/\/bds.ens-paris-saclay.fr\/wp-content\/uploads\/2025\/04\/1-1-1536x461.jpg 1536w, https:\/\/bds.ens-paris-saclay.fr\/wp-content\/uploads\/2025\/04\/1-1.jpg 2000w\" sizes=\"(max-width: 1024px) 100vw, 1024px\" \/><\/figure>\n\n\n<p><\/p>\n\n\n<p>Le BDS est une association ayant pour but de g\u00e9rer l&rsquo;\u00e9v\u00e8nementiel autour des pratiques sportives. Tu peux te familiariser <a href=\"https:\/\/bds.ens-paris-saclay.fr\/?page_id=1096\" data-type=\"URL\" data-id=\"https:\/\/bds.ens-paris-saclay.fr\/?page_id=1096\">ici<\/a> avec les membres de l&rsquo;\u00e9quipe des Bras C[AS]s\u00e9s !<\/p>\n\n\n\n<\/p>\n<p>Le BDS de l&rsquo;ENS Paris-Saclay g\u00e8re principalement 3 \u00e9v\u00e9nements :<\/p>\n<p>\n\n\n\n<\/p>\n<ul>\n\n<li>Les InterENS<\/li>\n\n \n\n<li>Les ENSympiades<\/li>\n\n \n\n<li>La Nuit du Volley (avec Assaltak, l&rsquo;association de volley).<\/li>\n\n<\/ul>\n<p>\n\n\n\n<\/p>\n<p>Des clubs de sport sont aussi associ\u00e9s au BDS. Ils permettent de pratiquer des sports qui ne sont pas propos\u00e9s par les cours de l&rsquo;AS.<\/p>\n<p>\n\n\n<p><\/p>","protected":false},"excerpt":{"rendered":"<p>Le BDS est une association ayant pour but de g\u00e9rer l&rsquo;\u00e9v\u00e8nementiel autour des pratiques sportives. Tu peux te familiariser ici avec les membres de l&rsquo;\u00e9quipe des Bras C[AS]s\u00e9s ! Le BDS de l&rsquo;ENS Paris-Saclay g\u00e8re principalement 3 \u00e9v\u00e9nements : Des clubs de sport sont aussi associ\u00e9s au BDS. Ils permettent de pratiquer des sports qui [&hellip;]<\/p>\n","protected":false},"author":1,"featured_media":0,"parent":0,"menu_order":0,"comment_status":"closed","ping_status":"closed","template":"","meta":{"_mi_skip_tracking":false},"_links":{"self":[{"href":"https:\/\/bds.ens-paris-saclay.fr\/index.php?rest_route=\/wp\/v2\/pages\/2634"}],"collection":[{"href":"https:\/\/bds.ens-paris-saclay.fr\/index.php?rest_route=\/wp\/v2\/pages"}],"about":[{"href":"https:\/\/bds.ens-paris-saclay.fr\/index.php?rest_route=\/wp\/v2\/types\/page"}],"author":[{"embeddable":true,"href":"https:\/\/bds.ens-paris-saclay.fr\/index.php?rest_route=\/wp\/v2\/users\/1"}],"replies":[{"embeddable":true,"href":"https:\/\/bds.ens-paris-saclay.fr\/index.php?rest_route=%2Fwp%2Fv2%2Fcomments&post=2634"}],"version-history":[{"count":6,"href":"https:\/\/bds.ens-paris-saclay.fr\/index.php?rest_route=\/wp\/v2\/pages\/2634\/revisions"}],"predecessor-version":[{"id":2874,"href":"https:\/\/bds.ens-paris-saclay.fr\/index.php?rest_route=\/wp\/v2\/pages\/2634\/revisions\/2874"}],"wp:attachment":[{"href":"https:\/\/bds.ens-paris-saclay.fr\/index.php?rest_route=%2Fwp%2Fv2%2Fmedia&parent=2634"}],"curies":[{"name":"wp","href":"https:\/\/api.w.org\/{rel}","templated":true}]}}