{"id":2648,"date":"2025-03-17T18:00:28","date_gmt":"2025-03-17T16:00:28","guid":{"rendered":"https:\/\/bds.ens-paris-saclay.fr\/?page_id=2648"},"modified":"2025-05-22T09:06:33","modified_gmt":"2025-05-22T07:06:33","slug":"ultimate","status":"publish","type":"page","link":"https:\/\/bds.ens-paris-saclay.fr\/?page_id=2648","title":{"rendered":"Ultimate"},"content":{"rendered":"\n<figure class=\"wp-block-image size-large\"><img decoding=\"async\" loading=\"lazy\" width=\"1024\" height=\"307\" src=\"https:\/\/bds.ens-paris-saclay.fr\/wp-content\/uploads\/2025\/04\/Copia-de-UREAU-3-1024x307.png\" alt=\"\" class=\"wp-image-2854\" srcset=\"https:\/\/bds.ens-paris-saclay.fr\/wp-content\/uploads\/2025\/04\/Copia-de-UREAU-3-1024x307.png 1024w, https:\/\/bds.ens-paris-saclay.fr\/wp-content\/uploads\/2025\/04\/Copia-de-UREAU-3-300x90.png 300w, https:\/\/bds.ens-paris-saclay.fr\/wp-content\/uploads\/2025\/04\/Copia-de-UREAU-3-768x230.png 768w, https:\/\/bds.ens-paris-saclay.fr\/wp-content\/uploads\/2025\/04\/Copia-de-UREAU-3-1536x461.png 1536w, https:\/\/bds.ens-paris-saclay.fr\/wp-content\/uploads\/2025\/04\/Copia-de-UREAU-3.png 2000w\" sizes=\"(max-width: 1024px) 100vw, 1024px\" \/><\/figure>\n\n\n<p>Tu as toujours r\u00eav\u00e9 de lancer des frisbees \u00e0 la perfection et de faire des plongeons pour catch les passes de ton handler ?<br>Ultim[ENS] est alors fait pour toi, ce club cr\u00e9\u00e9 l&rsquo;ann\u00e9e derni\u00e8re qui a d\u00e9j\u00e0 remport\u00e9 la coupe de l&rsquo;X et les inter-ENS a h\u00e2te de te retrouver pour s&rsquo;illustrer de nouveau toute l&rsquo;ann\u00e9e en int\u00e9rieur comme en ext\u00e9rieur !<\/p>\n<p>Entra\u00eenements le vendredi soir au COUM E.<\/p>\n<p>Pour rejoindre Ultim[ENS], n&rsquo;h\u00e9site pas \u00e0 contacter le BDS pour qu&rsquo;on te transmette le lien de leur groupe WhatsApp, ou \u00e0 demander directement \u00e0 un membre du club si tu en connais.<\/p>\n\n\n<figure class=\"wp-block-image size-large is-resized\"><img decoding=\"async\" loading=\"lazy\" src=\"https:\/\/bds.ens-paris-saclay.fr\/wp-content\/uploads\/2025\/05\/DSC4626-1024x678.jpeg\" alt=\"\" class=\"wp-image-2918\" width=\"388\" height=\"256\" srcset=\"https:\/\/bds.ens-paris-saclay.fr\/wp-content\/uploads\/2025\/05\/DSC4626-1024x678.jpeg 1024w, https:\/\/bds.ens-paris-saclay.fr\/wp-content\/uploads\/2025\/05\/DSC4626-300x199.jpeg 300w, https:\/\/bds.ens-paris-saclay.fr\/wp-content\/uploads\/2025\/05\/DSC4626-768x509.jpeg 768w, https:\/\/bds.ens-paris-saclay.fr\/wp-content\/uploads\/2025\/05\/DSC4626-1536x1017.jpeg 1536w, https:\/\/bds.ens-paris-saclay.fr\/wp-content\/uploads\/2025\/05\/DSC4626-2048x1356.jpeg 2048w\" sizes=\"(max-width: 388px) 100vw, 388px\" \/><\/figure>\n","protected":false},"excerpt":{"rendered":"<p>Tu as toujours r\u00eav\u00e9 de lancer des frisbees \u00e0 la perfection et de faire des plongeons pour catch les passes de ton handler ?Ultim[ENS] est alors fait pour toi, ce club cr\u00e9\u00e9 l&rsquo;ann\u00e9e derni\u00e8re qui a d\u00e9j\u00e0 remport\u00e9 la coupe de l&rsquo;X et les inter-ENS a h\u00e2te de te retrouver pour s&rsquo;illustrer de nouveau toute [&hellip;]<\/p>\n","protected":false},"author":1,"featured_media":0,"parent":0,"menu_order":0,"comment_status":"closed","ping_status":"closed","template":"","meta":{"_mi_skip_tracking":false},"_links":{"self":[{"href":"https:\/\/bds.ens-paris-saclay.fr\/index.php?rest_route=\/wp\/v2\/pages\/2648"}],"collection":[{"href":"https:\/\/bds.ens-paris-saclay.fr\/index.php?rest_route=\/wp\/v2\/pages"}],"about":[{"href":"https:\/\/bds.ens-paris-saclay.fr\/index.php?rest_route=\/wp\/v2\/types\/page"}],"author":[{"embeddable":true,"href":"https:\/\/bds.ens-paris-saclay.fr\/index.php?rest_route=\/wp\/v2\/users\/1"}],"replies":[{"embeddable":true,"href":"https:\/\/bds.ens-paris-saclay.fr\/index.php?rest_route=%2Fwp%2Fv2%2Fcomments&post=2648"}],"version-history":[{"count":4,"href":"https:\/\/bds.ens-paris-saclay.fr\/index.php?rest_route=\/wp\/v2\/pages\/2648\/revisions"}],"predecessor-version":[{"id":2919,"href":"https:\/\/bds.ens-paris-saclay.fr\/index.php?rest_route=\/wp\/v2\/pages\/2648\/revisions\/2919"}],"wp:attachment":[{"href":"https:\/\/bds.ens-paris-saclay.fr\/index.php?rest_route=%2Fwp%2Fv2%2Fmedia&parent=2648"}],"curies":[{"name":"wp","href":"https:\/\/api.w.org\/{rel}","templated":true}]}}