{"id":2703,"date":"2025-03-25T19:04:11","date_gmt":"2025-03-25T17:04:11","guid":{"rendered":"https:\/\/bds.ens-paris-saclay.fr\/?page_id=2703"},"modified":"2025-04-04T09:41:38","modified_gmt":"2025-04-04T07:41:38","slug":"natation-2","status":"publish","type":"page","link":"https:\/\/bds.ens-paris-saclay.fr\/?page_id=2703","title":{"rendered":"Natation"},"content":{"rendered":"\n<figure class=\"wp-block-image size-large\"><img decoding=\"async\" loading=\"lazy\" width=\"1024\" height=\"307\" src=\"https:\/\/bds.ens-paris-saclay.fr\/wp-content\/uploads\/2025\/04\/Copia-de-UREAU-1-1024x307.png\" alt=\"\" class=\"wp-image-2832\" srcset=\"https:\/\/bds.ens-paris-saclay.fr\/wp-content\/uploads\/2025\/04\/Copia-de-UREAU-1-1024x307.png 1024w, https:\/\/bds.ens-paris-saclay.fr\/wp-content\/uploads\/2025\/04\/Copia-de-UREAU-1-300x90.png 300w, https:\/\/bds.ens-paris-saclay.fr\/wp-content\/uploads\/2025\/04\/Copia-de-UREAU-1-768x230.png 768w, https:\/\/bds.ens-paris-saclay.fr\/wp-content\/uploads\/2025\/04\/Copia-de-UREAU-1-1536x461.png 1536w, https:\/\/bds.ens-paris-saclay.fr\/wp-content\/uploads\/2025\/04\/Copia-de-UREAU-1.png 2000w\" sizes=\"(max-width: 1024px) 100vw, 1024px\" \/><\/figure>\n\n\n<p>Soul&rsquo;Oc\u00e9[ENS], le club de natation de l&rsquo;ENS Paris-Saclay !<\/p>\n<p>On a pu retrouver ses membres \u00e0 divers \u00e9v\u00e9nements, notamment aux interENS o\u00f9 les nageur.ses de l&rsquo;ENS Paris-Saclay sont arriv\u00e9s troisi\u00e8mes !<\/p>\n\n\n<figure class=\"wp-block-image size-large\"><img decoding=\"async\" loading=\"lazy\" width=\"768\" height=\"1024\" src=\"https:\/\/bds.ens-paris-saclay.fr\/wp-content\/uploads\/2025\/03\/unnamed-19-768x1024.jpg\" alt=\"\" class=\"wp-image-2704\" srcset=\"https:\/\/bds.ens-paris-saclay.fr\/wp-content\/uploads\/2025\/03\/unnamed-19-768x1024.jpg 768w, https:\/\/bds.ens-paris-saclay.fr\/wp-content\/uploads\/2025\/03\/unnamed-19-225x300.jpg 225w, https:\/\/bds.ens-paris-saclay.fr\/wp-content\/uploads\/2025\/03\/unnamed-19-1152x1536.jpg 1152w, https:\/\/bds.ens-paris-saclay.fr\/wp-content\/uploads\/2025\/03\/unnamed-19.jpg 1200w\" sizes=\"(max-width: 768px) 100vw, 768px\" \/><\/figure>\n\n\n\n<figure class=\"wp-block-image size-full\"><img decoding=\"async\" loading=\"lazy\" width=\"843\" height=\"632\" src=\"https:\/\/bds.ens-paris-saclay.fr\/wp-content\/uploads\/2025\/03\/unnamed-20.jpg\" alt=\"\" class=\"wp-image-2705\" srcset=\"https:\/\/bds.ens-paris-saclay.fr\/wp-content\/uploads\/2025\/03\/unnamed-20.jpg 843w, https:\/\/bds.ens-paris-saclay.fr\/wp-content\/uploads\/2025\/03\/unnamed-20-300x225.jpg 300w, https:\/\/bds.ens-paris-saclay.fr\/wp-content\/uploads\/2025\/03\/unnamed-20-768x576.jpg 768w\" sizes=\"(max-width: 843px) 100vw, 843px\" \/><\/figure>\n","protected":false},"excerpt":{"rendered":"<p>Soul&rsquo;Oc\u00e9[ENS], le club de natation de l&rsquo;ENS Paris-Saclay ! On a pu retrouver ses membres \u00e0 divers \u00e9v\u00e9nements, notamment aux interENS o\u00f9 les nageur.ses de l&rsquo;ENS Paris-Saclay sont arriv\u00e9s troisi\u00e8mes !<\/p>\n","protected":false},"author":1,"featured_media":0,"parent":0,"menu_order":0,"comment_status":"closed","ping_status":"closed","template":"","meta":{"_mi_skip_tracking":false},"_links":{"self":[{"href":"https:\/\/bds.ens-paris-saclay.fr\/index.php?rest_route=\/wp\/v2\/pages\/2703"}],"collection":[{"href":"https:\/\/bds.ens-paris-saclay.fr\/index.php?rest_route=\/wp\/v2\/pages"}],"about":[{"href":"https:\/\/bds.ens-paris-saclay.fr\/index.php?rest_route=\/wp\/v2\/types\/page"}],"author":[{"embeddable":true,"href":"https:\/\/bds.ens-paris-saclay.fr\/index.php?rest_route=\/wp\/v2\/users\/1"}],"replies":[{"embeddable":true,"href":"https:\/\/bds.ens-paris-saclay.fr\/index.php?rest_route=%2Fwp%2Fv2%2Fcomments&post=2703"}],"version-history":[{"count":4,"href":"https:\/\/bds.ens-paris-saclay.fr\/index.php?rest_route=\/wp\/v2\/pages\/2703\/revisions"}],"predecessor-version":[{"id":2833,"href":"https:\/\/bds.ens-paris-saclay.fr\/index.php?rest_route=\/wp\/v2\/pages\/2703\/revisions\/2833"}],"wp:attachment":[{"href":"https:\/\/bds.ens-paris-saclay.fr\/index.php?rest_route=%2Fwp%2Fv2%2Fmedia&parent=2703"}],"curies":[{"name":"wp","href":"https:\/\/api.w.org\/{rel}","templated":true}]}}