{"id":2712,"date":"2025-03-25T19:16:38","date_gmt":"2025-03-25T17:16:38","guid":{"rendered":"https:\/\/bds.ens-paris-saclay.fr\/?page_id=2712"},"modified":"2025-04-04T09:54:42","modified_gmt":"2025-04-04T07:54:42","slug":"randonnee","status":"publish","type":"page","link":"https:\/\/bds.ens-paris-saclay.fr\/?page_id=2712","title":{"rendered":"Randonn\u00e9e"},"content":{"rendered":"\n<figure class=\"wp-block-image size-large\"><img decoding=\"async\" loading=\"lazy\" width=\"1024\" height=\"307\" src=\"https:\/\/bds.ens-paris-saclay.fr\/wp-content\/uploads\/2025\/04\/Copia-de-UREAU-2-1024x307.png\" alt=\"\" class=\"wp-image-2840\" srcset=\"https:\/\/bds.ens-paris-saclay.fr\/wp-content\/uploads\/2025\/04\/Copia-de-UREAU-2-1024x307.png 1024w, https:\/\/bds.ens-paris-saclay.fr\/wp-content\/uploads\/2025\/04\/Copia-de-UREAU-2-300x90.png 300w, https:\/\/bds.ens-paris-saclay.fr\/wp-content\/uploads\/2025\/04\/Copia-de-UREAU-2-768x230.png 768w, https:\/\/bds.ens-paris-saclay.fr\/wp-content\/uploads\/2025\/04\/Copia-de-UREAU-2-1536x461.png 1536w, https:\/\/bds.ens-paris-saclay.fr\/wp-content\/uploads\/2025\/04\/Copia-de-UREAU-2.png 2000w\" sizes=\"(max-width: 1024px) 100vw, 1024px\" \/><\/figure>\n\n\n<p>Vous l\u2019avez attendu, vous l\u2019avez esp\u00e9r\u00e9, il sort de nulle part apr\u00e8s une discussion alcoolis\u00e9e en kokarde et une rando de 50km organis\u00e9e par des petits vieux, Trekk[ENS] est l\u00e0 !<br>\nVotre nouveau club de Trek et Rando favori est pr\u00eat \u00e0 vous r\u00e9galer avec un concept bien innovant, du jamais vu : Marcher !!\ud83d\udeb6\u200d\u2642\ufe0f<a href=\"https:\/\/bds.ens-paris-saclay.fr\/?attachment_id=2713\" rel=\"attachment wp-att-2713\"><img decoding=\"async\" loading=\"lazy\" class=\"size-medium wp-image-2713 alignright\" src=\"http:\/\/bds.ens-paris-saclay.fr\/wp-content\/uploads\/2025\/03\/Capture-decran-2025-03-25-181425-300x300.png\" alt=\"\" width=\"300\" height=\"300\" srcset=\"https:\/\/bds.ens-paris-saclay.fr\/wp-content\/uploads\/2025\/03\/Capture-decran-2025-03-25-181425-300x300.png 300w, https:\/\/bds.ens-paris-saclay.fr\/wp-content\/uploads\/2025\/03\/Capture-decran-2025-03-25-181425-150x150.png 150w, https:\/\/bds.ens-paris-saclay.fr\/wp-content\/uploads\/2025\/03\/Capture-decran-2025-03-25-181425-768x767.png 768w, https:\/\/bds.ens-paris-saclay.fr\/wp-content\/uploads\/2025\/03\/Capture-decran-2025-03-25-181425-510x510.png 510w, https:\/\/bds.ens-paris-saclay.fr\/wp-content\/uploads\/2025\/03\/Capture-decran-2025-03-25-181425.png 817w\" sizes=\"(max-width: 300px) 100vw, 300px\" \/><\/a><br>\nMarcher en for\u00eat, en montagne, par terre, partout !<br>\nDes randonn\u00e9es seront organis\u00e9es tout au long de l\u2019ann\u00e9e ainsi que, pour les plus motiv\u00e9s, des sorties en montagne \ud83c\udfd4\ufe0f<br>\nCe club est ouvert \u00e0 tous niveaux, du plus d\u00e9butant qui n\u2019a pas encore d\u00e9couvert le concept de mettre un pied devant l\u2019autre, puis l\u2019autre encore devant etc\u2026 au plus exp\u00e9riment\u00e9 qui a d\u00e9j\u00e0 fait \u00e7a plein de fois dans des endroits compliqu\u00e9s !<br>\nSi vous h\u00e9sitez encore : arr\u00eatez. On vous attend les bras ouverts !<\/p>","protected":false},"excerpt":{"rendered":"<p>Vous l\u2019avez attendu, vous l\u2019avez esp\u00e9r\u00e9, il sort de nulle part apr\u00e8s une discussion alcoolis\u00e9e en kokarde et une rando de 50km organis\u00e9e par des petits vieux, Trekk[ENS] est l\u00e0 ! Votre nouveau club de Trek et Rando favori est pr\u00eat \u00e0 vous r\u00e9galer avec un concept bien innovant, du jamais vu : Marcher !!\ud83d\udeb6\u200d\u2642\ufe0f [&hellip;]<\/p>\n","protected":false},"author":1,"featured_media":0,"parent":0,"menu_order":0,"comment_status":"closed","ping_status":"closed","template":"","meta":{"_mi_skip_tracking":false},"_links":{"self":[{"href":"https:\/\/bds.ens-paris-saclay.fr\/index.php?rest_route=\/wp\/v2\/pages\/2712"}],"collection":[{"href":"https:\/\/bds.ens-paris-saclay.fr\/index.php?rest_route=\/wp\/v2\/pages"}],"about":[{"href":"https:\/\/bds.ens-paris-saclay.fr\/index.php?rest_route=\/wp\/v2\/types\/page"}],"author":[{"embeddable":true,"href":"https:\/\/bds.ens-paris-saclay.fr\/index.php?rest_route=\/wp\/v2\/users\/1"}],"replies":[{"embeddable":true,"href":"https:\/\/bds.ens-paris-saclay.fr\/index.php?rest_route=%2Fwp%2Fv2%2Fcomments&post=2712"}],"version-history":[{"count":3,"href":"https:\/\/bds.ens-paris-saclay.fr\/index.php?rest_route=\/wp\/v2\/pages\/2712\/revisions"}],"predecessor-version":[{"id":2841,"href":"https:\/\/bds.ens-paris-saclay.fr\/index.php?rest_route=\/wp\/v2\/pages\/2712\/revisions\/2841"}],"wp:attachment":[{"href":"https:\/\/bds.ens-paris-saclay.fr\/index.php?rest_route=%2Fwp%2Fv2%2Fmedia&parent=2712"}],"curies":[{"name":"wp","href":"https:\/\/api.w.org\/{rel}","templated":true}]}}