{"id":2888,"date":"2025-04-10T12:47:07","date_gmt":"2025-04-10T10:47:07","guid":{"rendered":"https:\/\/bds.ens-paris-saclay.fr\/?page_id=2888"},"modified":"2025-04-13T11:09:27","modified_gmt":"2025-04-13T09:09:27","slug":"faire-du-sport-en-competition","status":"publish","type":"page","link":"https:\/\/bds.ens-paris-saclay.fr\/?page_id=2888","title":{"rendered":"Faire du sport en comp\u00e9tition"},"content":{"rendered":"\n<figure class=\"wp-block-image size-large\"><img decoding=\"async\" loading=\"lazy\" width=\"1024\" height=\"307\" src=\"https:\/\/bds.ens-paris-saclay.fr\/wp-content\/uploads\/2025\/04\/Copia-de-UREAU-5-1024x307.png\" alt=\"\" class=\"wp-image-2910\" srcset=\"https:\/\/bds.ens-paris-saclay.fr\/wp-content\/uploads\/2025\/04\/Copia-de-UREAU-5-1024x307.png 1024w, https:\/\/bds.ens-paris-saclay.fr\/wp-content\/uploads\/2025\/04\/Copia-de-UREAU-5-300x90.png 300w, https:\/\/bds.ens-paris-saclay.fr\/wp-content\/uploads\/2025\/04\/Copia-de-UREAU-5-768x230.png 768w, https:\/\/bds.ens-paris-saclay.fr\/wp-content\/uploads\/2025\/04\/Copia-de-UREAU-5-1536x461.png 1536w, https:\/\/bds.ens-paris-saclay.fr\/wp-content\/uploads\/2025\/04\/Copia-de-UREAU-5.png 2000w\" sizes=\"(max-width: 1024px) 100vw, 1024px\" \/><\/figure>\n\n\n\n<p>Canalise ton esprit de comp\u00e9tition dans le sport gr\u00e2ce aux multiples choix de tournois sportifs \u00e0 l&rsquo;ENS!<\/p>\n\n\n\n<p>Pour faire du sport en comp\u00e9tition, tu as deux choix : <br>&#8211; les matchs et tournois <strong>FFSU<\/strong>, o\u00f9 t&rsquo;affronteras les sportif-ves d&rsquo;autres \u00e9coles et universit\u00e9s au niveau r\u00e9gional, voire national selon ton niveau<br>&#8211; les <strong>tournois inter-\u00e9coles<\/strong> organis\u00e9s par les associations de ces derni\u00e8res<\/p>\n\n\n\n<p><strong>L&rsquo;AS g\u00e8re le sport en comp\u00e9tition dans le cadre de la FFSU<\/strong>. En ce sens, nous vous aidons dans le processus d&rsquo;obtention de votre <strong>licence FFSU<\/strong> <em>via<\/em> le <a href=\"https:\/\/sport-upsaclay.fr\/\" data-type=\"URL\" data-id=\"https:\/\/sport-upsaclay.fr\/\">portail sport<\/a>. <\/p>\n\n\n\n<p>Tandis que le <strong>BDS<\/strong> sera votre interm\u00e9diaire pour la participation dans des tournois inter-\u00e9coles, pour les d\u00e9marches administratives et le r\u00e8glement des frais de participation. <\/p>\n\n\n\n<p>Cette ann\u00e9e universitaire, les \u00e9tudiant.es de l&rsquo;ENS ont particip\u00e9 \u00e0 trois grands tournois inter-\u00e9coles : le GOST, le CCL, et le TOSS. <\/p>\n\n\n\n<h2>Le GOST <\/h2>\n\n\n\n<p>Le GOST, ou \u00ab\u00a0Girls Only SupOptique Tournament\u00a0\u00bb, comme son nom l&rsquo;indique, est un tournoi sportif exclusivement f\u00e9minin qui a pour but de promouvoir le sport f\u00e9minin au niveau universitaire. Cette ann\u00e9e, onze sports \u00e9taient propos\u00e9s!<br>Le tournoi a lieu sur le campus de Polytechnique \u00e0 Palaiseau, donc aucune excuse pour ne pas mettre vos crampons, prendre vos raquettes, ou vos ballons, et aller porter vos maillots bleu clair sur le podium!<\/p>\n\n\n\n<p>Vous pouvez trouver plus d&rsquo;informations sur le GOST <a href=\"https:\/\/associations.institutoptique.fr\/gost\/\">ici<\/a>. <\/p>\n\n\n\n<figure class=\"is-layout-flex wp-block-gallery-1 wp-block-gallery has-nested-images columns-default is-cropped\">\n<figure class=\"wp-block-image size-large\"><img decoding=\"async\" loading=\"lazy\" width=\"1024\" height=\"678\" data-id=\"2906\"  src=\"https:\/\/bds.ens-paris-saclay.fr\/wp-content\/uploads\/2025\/04\/DSC3461-1-1024x678.jpeg\" alt=\"\" class=\"wp-image-2906\" srcset=\"https:\/\/bds.ens-paris-saclay.fr\/wp-content\/uploads\/2025\/04\/DSC3461-1-1024x678.jpeg 1024w, https:\/\/bds.ens-paris-saclay.fr\/wp-content\/uploads\/2025\/04\/DSC3461-1-300x199.jpeg 300w, https:\/\/bds.ens-paris-saclay.fr\/wp-content\/uploads\/2025\/04\/DSC3461-1-768x509.jpeg 768w, https:\/\/bds.ens-paris-saclay.fr\/wp-content\/uploads\/2025\/04\/DSC3461-1-1536x1017.jpeg 1536w, https:\/\/bds.ens-paris-saclay.fr\/wp-content\/uploads\/2025\/04\/DSC3461-1-2048x1356.jpeg 2048w\" sizes=\"(max-width: 1024px) 100vw, 1024px\" \/><figcaption class=\"wp-element-caption\">Les Kyottes au GOST<\/figcaption><\/figure>\n\n\n\n<figure class=\"wp-block-image size-large\"><img decoding=\"async\" loading=\"lazy\" width=\"1024\" height=\"678\" data-id=\"2907\"  src=\"https:\/\/bds.ens-paris-saclay.fr\/wp-content\/uploads\/2025\/04\/DSC4012-5-1024x678.jpeg\" alt=\"\" class=\"wp-image-2907\" srcset=\"https:\/\/bds.ens-paris-saclay.fr\/wp-content\/uploads\/2025\/04\/DSC4012-5-1024x678.jpeg 1024w, https:\/\/bds.ens-paris-saclay.fr\/wp-content\/uploads\/2025\/04\/DSC4012-5-300x199.jpeg 300w, https:\/\/bds.ens-paris-saclay.fr\/wp-content\/uploads\/2025\/04\/DSC4012-5-768x509.jpeg 768w, https:\/\/bds.ens-paris-saclay.fr\/wp-content\/uploads\/2025\/04\/DSC4012-5-1536x1017.jpeg 1536w, https:\/\/bds.ens-paris-saclay.fr\/wp-content\/uploads\/2025\/04\/DSC4012-5-2048x1356.jpeg 2048w\" sizes=\"(max-width: 1024px) 100vw, 1024px\" \/><figcaption class=\"wp-element-caption\">L&rsquo;\u00e9quipe de handaball de l&rsquo; ENS\/ENSTA\/ENSAE au GOST<\/figcaption><\/figure>\n<\/figure>\n\n\n\n<h2>Le CCL<\/h2>\n\n\n\n<p>Profitez d&rsquo;un petit week-end \u00e0 Lyon (ou plut\u00f4t \u00c9cully) pendant le mois de mars en pratiquant votre sport pr\u00e9f\u00e9r\u00e9 lors du Challenge Centrale Lyon! Avec 21 sports, il est presque certain que vous trouverez votre bonheur, et peut-\u00eatre m\u00eame quelques anciens camarades de pr\u00e9pa lors de leur soir\u00e9e du samedi soir. <\/p>\n\n\n\n<p>Plus d&rsquo;informations sur le CCL sont disponibles <a href=\"https:\/\/challenge-centrale-lyon.fr\/evenement\">ici<\/a>. <\/p>\n\n\n\n<figure class=\"is-layout-flex wp-block-gallery-3 wp-block-gallery has-nested-images columns-default is-cropped\">\n<figure class=\"wp-block-image size-large\"><img decoding=\"async\" loading=\"lazy\" width=\"1024\" height=\"678\" data-id=\"2908\"  src=\"https:\/\/bds.ens-paris-saclay.fr\/wp-content\/uploads\/2025\/04\/DSC1978-1-1024x678.jpeg\" alt=\"\" class=\"wp-image-2908\" srcset=\"https:\/\/bds.ens-paris-saclay.fr\/wp-content\/uploads\/2025\/04\/DSC1978-1-1024x678.jpeg 1024w, https:\/\/bds.ens-paris-saclay.fr\/wp-content\/uploads\/2025\/04\/DSC1978-1-300x199.jpeg 300w, https:\/\/bds.ens-paris-saclay.fr\/wp-content\/uploads\/2025\/04\/DSC1978-1-768x509.jpeg 768w, https:\/\/bds.ens-paris-saclay.fr\/wp-content\/uploads\/2025\/04\/DSC1978-1-1536x1017.jpeg 1536w, https:\/\/bds.ens-paris-saclay.fr\/wp-content\/uploads\/2025\/04\/DSC1978-1-2048x1356.jpeg 2048w\" sizes=\"(max-width: 1024px) 100vw, 1024px\" \/><figcaption class=\"wp-element-caption\">Le Club Caillou au CCL<\/figcaption><\/figure>\n\n\n\n<figure class=\"wp-block-image size-large\"><img decoding=\"async\" loading=\"lazy\" width=\"1024\" height=\"678\" data-id=\"2909\"  src=\"https:\/\/bds.ens-paris-saclay.fr\/wp-content\/uploads\/2025\/04\/DSC2630-2-1024x678.jpeg\" alt=\"\" class=\"wp-image-2909\" srcset=\"https:\/\/bds.ens-paris-saclay.fr\/wp-content\/uploads\/2025\/04\/DSC2630-2-1024x678.jpeg 1024w, https:\/\/bds.ens-paris-saclay.fr\/wp-content\/uploads\/2025\/04\/DSC2630-2-300x199.jpeg 300w, https:\/\/bds.ens-paris-saclay.fr\/wp-content\/uploads\/2025\/04\/DSC2630-2-768x509.jpeg 768w, https:\/\/bds.ens-paris-saclay.fr\/wp-content\/uploads\/2025\/04\/DSC2630-2-1536x1017.jpeg 1536w, https:\/\/bds.ens-paris-saclay.fr\/wp-content\/uploads\/2025\/04\/DSC2630-2-2048x1356.jpeg 2048w\" sizes=\"(max-width: 1024px) 100vw, 1024px\" \/><figcaption class=\"wp-element-caption\">Les Kyottes au CCL<\/figcaption><\/figure>\n<\/figure>\n\n\n\n<h2>Le TOSS<\/h2>\n\n\n\n<p>Le plus grand tournoi inter-\u00e9coles de France, \u00e0 domicile! Nos voisin.es de Centrale Sup\u00e9l\u00e9c organisent chaque ann\u00e9e un tournoi omnisports qui vous permettra de passer un bon moment, sur le bord du terrain en tant que support.eur.ice, soit dans la lutte acharn\u00e9e pour les m\u00e9dailles d&rsquo;or! <\/p>\n\n\n\n<p>Plus d&rsquo;informations sur le TOSS sont disponibles <a href=\"https:\/\/www.cs-sports.fr\/toss\/#\/presentation\">ici<\/a>. <\/p>\n","protected":false},"excerpt":{"rendered":"<p>Canalise ton esprit de comp\u00e9tition dans le sport gr\u00e2ce aux multiples choix de tournois sportifs \u00e0 l&rsquo;ENS! Pour faire du sport en comp\u00e9tition, tu as deux choix : &#8211; les matchs et tournois FFSU, o\u00f9 t&rsquo;affronteras les sportif-ves d&rsquo;autres \u00e9coles et universit\u00e9s au niveau r\u00e9gional, voire national selon ton niveau&#8211; les tournois inter-\u00e9coles organis\u00e9s par [&hellip;]<\/p>\n","protected":false},"author":1,"featured_media":0,"parent":0,"menu_order":0,"comment_status":"closed","ping_status":"closed","template":"","meta":{"_mi_skip_tracking":false},"_links":{"self":[{"href":"https:\/\/bds.ens-paris-saclay.fr\/index.php?rest_route=\/wp\/v2\/pages\/2888"}],"collection":[{"href":"https:\/\/bds.ens-paris-saclay.fr\/index.php?rest_route=\/wp\/v2\/pages"}],"about":[{"href":"https:\/\/bds.ens-paris-saclay.fr\/index.php?rest_route=\/wp\/v2\/types\/page"}],"author":[{"embeddable":true,"href":"https:\/\/bds.ens-paris-saclay.fr\/index.php?rest_route=\/wp\/v2\/users\/1"}],"replies":[{"embeddable":true,"href":"https:\/\/bds.ens-paris-saclay.fr\/index.php?rest_route=%2Fwp%2Fv2%2Fcomments&post=2888"}],"version-history":[{"count":4,"href":"https:\/\/bds.ens-paris-saclay.fr\/index.php?rest_route=\/wp\/v2\/pages\/2888\/revisions"}],"predecessor-version":[{"id":2911,"href":"https:\/\/bds.ens-paris-saclay.fr\/index.php?rest_route=\/wp\/v2\/pages\/2888\/revisions\/2911"}],"wp:attachment":[{"href":"https:\/\/bds.ens-paris-saclay.fr\/index.php?rest_route=%2Fwp%2Fv2%2Fmedia&parent=2888"}],"curies":[{"name":"wp","href":"https:\/\/api.w.org\/{rel}","templated":true}]}}