{"id":2954,"date":"2025-09-17T14:00:47","date_gmt":"2025-09-17T12:00:47","guid":{"rendered":"https:\/\/bds.ens-paris-saclay.fr\/?page_id=2954"},"modified":"2025-10-02T14:29:21","modified_gmt":"2025-10-02T12:29:21","slug":"course-solidaire-bdsxsono","status":"publish","type":"page","link":"https:\/\/bds.ens-paris-saclay.fr\/?page_id=2954","title":{"rendered":"Course Solidaire (BDSxSoNo)"},"content":{"rendered":"\n<p>\ud83c\udfc3\u200d\u2640\ufe0f\ud83c\udfc3\u200d\u2642\ufe0f\ud83c\udfc3Participez \u00e0 une Course Solidaire organis\u00e9e par les \u00e9tudiant-es de l&rsquo;ENS Paris-Saclay !<br>\ud83d\udcc5 Le samedi 8 novembre<br>\ud83d\udccdCentre Sportif Carole Vergne (ex-COUM)<br>\u231b\u200b De 10h30 \u00e0 15h30<\/p>\n\n\n\n<p>Le Bureau des Sports de l\u2019ENS Paris-Saclay et la Solidarit\u00e9 Normalienne organisent cette ann\u00e9e une Course Solidaire en soutien \u00e0 une association humanitaire internationale !<\/p>\n\n\n\n<p>La Course est ouverte \u00e0 l\u2019ensemble des \u00e9tudiants de l\u2019Universit\u00e9 Paris-Saclay, donc n\u2019h\u00e9sitez pas \u00e0 dire \u00e0 tous-tes vos ami-es!<\/p>\n\n\n\n<p>Pour t\u2019inscrire, il faut :<br>\u2022\u2060 \u2060Trouver un-e parrain\/marraine qui donnera 1\u20ac par tour de 400m que vous r\u00e9aliserez \ud83e\udec2\u200b<br>\u2022\u2060 \u2060Sinon, solliciter un-e parrain\/marraine aupr\u00e8s du BDS, dans le formulaire d\u2019inscription. \ud83d\ude4b\u200b<br>\u2022\u2060 \u2060Il est aussi possible de se parrainer soi-m\u00eame (dans ce cas l\u00e0, vous devez aussi remplir le formulaire des parrainages que vous pouvez solliciter \u00e0 un-e membre du BDS)<br>\u2022\u2060 \u2060Si vous \u00eates inscrits au Portail Sports (AS ENS Paris-Saclay), ce n\u2019est pas n\u00e9cessaire de fournir un certificat m\u00e9dical. \ud83d\uddc2\ufe0f\u200b<br>\u2022\u2060 \u2060Sinon, fournir un certificat m\u00e9dical qui vous autorise la pratique de l\u2019athl\u00e9tisme\/course. \ud83d\udcdd\u200b Vous pouvez voir des mod\u00e8les de certificat m\u00e9dical dans la rubrique \u00ab\u00a0Documents utiles\u00a0\u00bb de notre site. <\/p>\n\n\n\n<p>L\u2019inscription pour PARTICIPER se r\u00e9alise gr\u00e2ce \u00e0 ce formulaire : https:\/\/framaforms.org\/course-solidaire-ens-paris-saclay-bdsxsono-1757514295 <\/p>\n\n\n\n<p>L\u2019inscription pour vos PARRAINS\/MARRAINES se fait ici : https: https:\/\/framaforms.org\/parrainages-course-solidaire-ens-paris-saclay-1757517244 <\/p>\n","protected":false},"excerpt":{"rendered":"<p>\ud83c\udfc3\u200d\u2640\ufe0f\ud83c\udfc3\u200d\u2642\ufe0f\ud83c\udfc3Participez \u00e0 une Course Solidaire organis\u00e9e par les \u00e9tudiant-es de l&rsquo;ENS Paris-Saclay !\ud83d\udcc5 Le samedi 8 novembre\ud83d\udccdCentre Sportif Carole Vergne (ex-COUM)\u231b\u200b De 10h30 \u00e0 15h30 Le Bureau des Sports de l\u2019ENS Paris-Saclay et la Solidarit\u00e9 Normalienne organisent cette ann\u00e9e une Course Solidaire en soutien \u00e0 une association humanitaire internationale ! La Course est ouverte \u00e0 [&hellip;]<\/p>\n","protected":false},"author":1,"featured_media":0,"parent":0,"menu_order":0,"comment_status":"closed","ping_status":"closed","template":"","meta":{"_mi_skip_tracking":false},"_links":{"self":[{"href":"https:\/\/bds.ens-paris-saclay.fr\/index.php?rest_route=\/wp\/v2\/pages\/2954"}],"collection":[{"href":"https:\/\/bds.ens-paris-saclay.fr\/index.php?rest_route=\/wp\/v2\/pages"}],"about":[{"href":"https:\/\/bds.ens-paris-saclay.fr\/index.php?rest_route=\/wp\/v2\/types\/page"}],"author":[{"embeddable":true,"href":"https:\/\/bds.ens-paris-saclay.fr\/index.php?rest_route=\/wp\/v2\/users\/1"}],"replies":[{"embeddable":true,"href":"https:\/\/bds.ens-paris-saclay.fr\/index.php?rest_route=%2Fwp%2Fv2%2Fcomments&post=2954"}],"version-history":[{"count":3,"href":"https:\/\/bds.ens-paris-saclay.fr\/index.php?rest_route=\/wp\/v2\/pages\/2954\/revisions"}],"predecessor-version":[{"id":2963,"href":"https:\/\/bds.ens-paris-saclay.fr\/index.php?rest_route=\/wp\/v2\/pages\/2954\/revisions\/2963"}],"wp:attachment":[{"href":"https:\/\/bds.ens-paris-saclay.fr\/index.php?rest_route=%2Fwp%2Fv2%2Fmedia&parent=2954"}],"curies":[{"name":"wp","href":"https:\/\/api.w.org\/{rel}","templated":true}]}}