{"id":65,"date":"2013-08-30T10:53:24","date_gmt":"2013-08-30T09:53:24","guid":{"rendered":"http:\/\/localhost\/wordpress\/?page_id=65"},"modified":"2025-04-04T09:26:19","modified_gmt":"2025-04-04T07:26:19","slug":"ffsu","status":"publish","type":"page","link":"https:\/\/bds.ens-paris-saclay.fr\/?page_id=65","title":{"rendered":"FFSU"},"content":{"rendered":"\n<figure class=\"wp-block-image size-large\"><img decoding=\"async\" loading=\"lazy\" width=\"1024\" height=\"307\" src=\"https:\/\/bds.ens-paris-saclay.fr\/wp-content\/uploads\/2025\/04\/14-1024x307.jpg\" alt=\"\" class=\"wp-image-2799\" srcset=\"https:\/\/bds.ens-paris-saclay.fr\/wp-content\/uploads\/2025\/04\/14-1024x307.jpg 1024w, https:\/\/bds.ens-paris-saclay.fr\/wp-content\/uploads\/2025\/04\/14-300x90.jpg 300w, https:\/\/bds.ens-paris-saclay.fr\/wp-content\/uploads\/2025\/04\/14-768x230.jpg 768w, https:\/\/bds.ens-paris-saclay.fr\/wp-content\/uploads\/2025\/04\/14-1536x461.jpg 1536w, https:\/\/bds.ens-paris-saclay.fr\/wp-content\/uploads\/2025\/04\/14.jpg 2000w\" sizes=\"(max-width: 1024px) 100vw, 1024px\" \/><\/figure>\n\n\n<p>La <a href=\"http:\/\/www.sport-u.com\/\">FFSU<\/a> (F\u00e9d\u00e9ration Fran\u00e7aise de Sports Universitaires) g\u00e8re, comme son nom l&rsquo;indique, les sports universitaires en France et en particulier l&rsquo;organisation des comp\u00e9titions.<\/p>\n<p>Les comp\u00e9titions universitaires reprennent courant Novembre, apr\u00e8s les vacances de Toussaint.<\/p>\n<p><i>NB: le site du CRSU, dont le lien est ci-dessous, reste la r\u00e9f\u00e9rence pour ce qui est des horaires et des r\u00e9sultats. En cas de doute, consultez leur site.<\/i><\/p>\n<hr>\n<p>Pour pouvoir participer aux comp\u00e9titions FFSU, qui se d\u00e9roulent les jeudis apr\u00e8s-midi et soir, il suffit de prendre la licence FFSU lors de votre inscription \u00e0 l&rsquo;association sportive. C&rsquo;est ouvert \u00e0 tous alors profitez-en ! Pour toute information adressez-vous au SDS.<\/p>\n<p>L&rsquo;ENS Paris-Saclay d\u00e9pend plus pr\u00e9cis\u00e9ment du <a href=\"https:\/\/sport-u-iledefrance.com\/\">CRSU Ile de France<\/a>.<br><b>Si vous pratiquez un sport en comp\u00e9tition pendant l&rsquo;ann\u00e9e, il faudra vous rendre sur&nbsp;<a href=\"http:\/\/sportco.abyss-clients.com\/rencontres\">le planning&nbsp;<\/a>r\u00e9guli\u00e8rement afin de conna\u00eetre vos dates et lieux de matchs ainsi que pour suivre vos r\u00e9sultats et\/ou ceux de votre \u00e9quipe.&nbsp;<\/b><span style=\"text-decoration: underline;\"><b><br><\/b><\/span><\/p>\n<hr>","protected":false},"excerpt":{"rendered":"<p>La FFSU (F\u00e9d\u00e9ration Fran\u00e7aise de Sports Universitaires) g\u00e8re, comme son nom l&rsquo;indique, les sports universitaires en France et en particulier l&rsquo;organisation des comp\u00e9titions. Les comp\u00e9titions universitaires reprennent courant Novembre, apr\u00e8s les vacances de Toussaint. NB: le site du CRSU, dont le lien est ci-dessous, reste la r\u00e9f\u00e9rence pour ce qui est des horaires et des [&hellip;]<\/p>\n","protected":false},"author":1,"featured_media":0,"parent":0,"menu_order":0,"comment_status":"closed","ping_status":"open","template":"","meta":{"_mi_skip_tracking":false},"_links":{"self":[{"href":"https:\/\/bds.ens-paris-saclay.fr\/index.php?rest_route=\/wp\/v2\/pages\/65"}],"collection":[{"href":"https:\/\/bds.ens-paris-saclay.fr\/index.php?rest_route=\/wp\/v2\/pages"}],"about":[{"href":"https:\/\/bds.ens-paris-saclay.fr\/index.php?rest_route=\/wp\/v2\/types\/page"}],"author":[{"embeddable":true,"href":"https:\/\/bds.ens-paris-saclay.fr\/index.php?rest_route=\/wp\/v2\/users\/1"}],"replies":[{"embeddable":true,"href":"https:\/\/bds.ens-paris-saclay.fr\/index.php?rest_route=%2Fwp%2Fv2%2Fcomments&post=65"}],"version-history":[{"count":18,"href":"https:\/\/bds.ens-paris-saclay.fr\/index.php?rest_route=\/wp\/v2\/pages\/65\/revisions"}],"predecessor-version":[{"id":2800,"href":"https:\/\/bds.ens-paris-saclay.fr\/index.php?rest_route=\/wp\/v2\/pages\/65\/revisions\/2800"}],"wp:attachment":[{"href":"https:\/\/bds.ens-paris-saclay.fr\/index.php?rest_route=%2Fwp%2Fv2%2Fmedia&parent=65"}],"curies":[{"name":"wp","href":"https:\/\/api.w.org\/{rel}","templated":true}]}}