{"id":663,"date":"2017-09-06T21:35:46","date_gmt":"2017-09-06T19:35:46","guid":{"rendered":"http:\/\/www.bds.ens-cachan.fr\/?page_id=663"},"modified":"2025-04-04T09:37:41","modified_gmt":"2025-04-04T07:37:41","slug":"musculation","status":"publish","type":"page","link":"https:\/\/bds.ens-paris-saclay.fr\/?page_id=663","title":{"rendered":"Musculation"},"content":{"rendered":"\n<figure class=\"wp-block-image size-large\"><img decoding=\"async\" loading=\"lazy\" width=\"1024\" height=\"307\" src=\"https:\/\/bds.ens-paris-saclay.fr\/wp-content\/uploads\/2025\/04\/29-1024x307.jpg\" alt=\"\" class=\"wp-image-2828\" srcset=\"https:\/\/bds.ens-paris-saclay.fr\/wp-content\/uploads\/2025\/04\/29-1024x307.jpg 1024w, https:\/\/bds.ens-paris-saclay.fr\/wp-content\/uploads\/2025\/04\/29-300x90.jpg 300w, https:\/\/bds.ens-paris-saclay.fr\/wp-content\/uploads\/2025\/04\/29-768x230.jpg 768w, https:\/\/bds.ens-paris-saclay.fr\/wp-content\/uploads\/2025\/04\/29-1536x461.jpg 1536w, https:\/\/bds.ens-paris-saclay.fr\/wp-content\/uploads\/2025\/04\/29.jpg 2000w\" sizes=\"(max-width: 1024px) 100vw, 1024px\" \/><\/figure>\n\n\n<p>Maintenant que tu es entr\u00e9\u2e31e en \u00e9cole, il s&rsquo;agit de reprendre soin de toi ! Viens donc \u00e0 la muscu pour retrouver la forme et refaire du muscle! L&rsquo;ambiance \u00e0 la musculation est conviviale, et le coach est au top, alors n&rsquo;h\u00e9site pas!<\/p>\n<p><strong>Quand ?<\/strong> Le mardi de 18h15 \u00e0 20h15.<\/p>\n<p><strong>O\u00f9 ?<\/strong> Salle de musculation Joliot Curie (\u00e0 Centrale).<\/p>","protected":false},"excerpt":{"rendered":"<p>Maintenant que tu es entr\u00e9\u2e31e en \u00e9cole, il s&rsquo;agit de reprendre soin de toi ! Viens donc \u00e0 la muscu pour retrouver la forme et refaire du muscle! L&rsquo;ambiance \u00e0 la musculation est conviviale, et le coach est au top, alors n&rsquo;h\u00e9site pas! Quand ? Le mardi de 18h15 \u00e0 20h15. O\u00f9 ? Salle de [&hellip;]<\/p>\n","protected":false},"author":1,"featured_media":0,"parent":0,"menu_order":0,"comment_status":"closed","ping_status":"open","template":"","meta":{"_mi_skip_tracking":false},"_links":{"self":[{"href":"https:\/\/bds.ens-paris-saclay.fr\/index.php?rest_route=\/wp\/v2\/pages\/663"}],"collection":[{"href":"https:\/\/bds.ens-paris-saclay.fr\/index.php?rest_route=\/wp\/v2\/pages"}],"about":[{"href":"https:\/\/bds.ens-paris-saclay.fr\/index.php?rest_route=\/wp\/v2\/types\/page"}],"author":[{"embeddable":true,"href":"https:\/\/bds.ens-paris-saclay.fr\/index.php?rest_route=\/wp\/v2\/users\/1"}],"replies":[{"embeddable":true,"href":"https:\/\/bds.ens-paris-saclay.fr\/index.php?rest_route=%2Fwp%2Fv2%2Fcomments&post=663"}],"version-history":[{"count":10,"href":"https:\/\/bds.ens-paris-saclay.fr\/index.php?rest_route=\/wp\/v2\/pages\/663\/revisions"}],"predecessor-version":[{"id":2829,"href":"https:\/\/bds.ens-paris-saclay.fr\/index.php?rest_route=\/wp\/v2\/pages\/663\/revisions\/2829"}],"wp:attachment":[{"href":"https:\/\/bds.ens-paris-saclay.fr\/index.php?rest_route=%2Fwp%2Fv2%2Fmedia&parent=663"}],"curies":[{"name":"wp","href":"https:\/\/api.w.org\/{rel}","templated":true}]}}