{"id":802,"date":"2019-08-31T22:44:45","date_gmt":"2019-08-31T20:44:45","guid":{"rendered":"http:\/\/www.bds.ens-cachan.fr\/?page_id=802"},"modified":"2025-04-04T09:37:07","modified_gmt":"2025-04-04T07:37:07","slug":"ml","status":"publish","type":"page","link":"https:\/\/bds.ens-paris-saclay.fr\/?page_id=802","title":{"rendered":"ML"},"content":{"rendered":"\n<figure class=\"wp-block-image size-large\"><img decoding=\"async\" loading=\"lazy\" width=\"1024\" height=\"307\" src=\"https:\/\/bds.ens-paris-saclay.fr\/wp-content\/uploads\/2025\/04\/13-1024x307.jpg\" alt=\"\" class=\"wp-image-2826\" srcset=\"https:\/\/bds.ens-paris-saclay.fr\/wp-content\/uploads\/2025\/04\/13-1024x307.jpg 1024w, https:\/\/bds.ens-paris-saclay.fr\/wp-content\/uploads\/2025\/04\/13-300x90.jpg 300w, https:\/\/bds.ens-paris-saclay.fr\/wp-content\/uploads\/2025\/04\/13-768x230.jpg 768w, https:\/\/bds.ens-paris-saclay.fr\/wp-content\/uploads\/2025\/04\/13-1536x461.jpg 1536w, https:\/\/bds.ens-paris-saclay.fr\/wp-content\/uploads\/2025\/04\/13.jpg 2000w\" sizes=\"(max-width: 1024px) 100vw, 1024px\" \/><\/figure>\n\n\n<p>La ML, ou \u00ab\u00a0mailing-list\u00a0\u00bb, te permet de recevoir les infos importantes comme les matchs des \u00e9quipes de ton \u00e9cole \u00e0 ne pas manquer, les tournois inter-\u00e9coles qui arrivent, ou encore les r\u00e9sultats de la semaine pass\u00e9e. C&rsquo;est aussi l\u00e0 que <a title=\"La team [AS]t\u00e9ro\u00efde\" href=\"https:\/\/bds.ens-paris-saclay.fr\/?page_id=1096\">la team [AS]thmatique<\/a> fera passer ses informations \u00e0 l&rsquo;attention des adh\u00e9rents \u00e9tudiants du BDS et de l&rsquo;AS, comme les fermetures du gymnase, les \u00e9ch\u00e9ances d&rsquo;inscription au <a title=\"WEC\" href=\"https:\/\/bds.ens-paris-saclay.fr\/?page_id=426\">WEC<\/a> ou aux <a title=\"InterENS\" href=\"https:\/\/bds.ens-paris-saclay.fr\/?page_id=827\">InterENS<\/a>.<\/p>\n<p>Bref, tout ce que tu dois savoir pour pratiquer le sport \u00e0 l&rsquo;ENS !<\/p>\n<p>Pour s&rsquo;inscrire, rien de plus simple, il te suffit de nous contacter sur <a href=\"https:\/\/www.instagram.com\/bds_ens_paris_saclay\/\">Instagram<\/a>&nbsp;ou&nbsp;de t&rsquo;inscrire&nbsp;sur&nbsp;<a href=\"https:\/\/lists.crans.org\/postorius\/lists\/\">la liste crans<\/a>&nbsp;!<\/p>\n<p><\/p>\n<p>Petit aper\u00e7u de la Newsletter du BDS :<\/p>\n<p><button style=\"width: auto; height: auto; background-image: url('data:image\/png;base64,iVBORw0KGgoAAAANSUhEUgAAADAAAAAwCAYAAABXAvmHAAABS2lUWHRYTUw6Y29tLmFkb2JlLnhtcAAAAAAAPD94cGFja2V0IGJlZ2luPSLvu78iIGlkPSJXNU0wTXBDZWhpSHpyZVN6TlRjemtjOWQiPz4KPHg6eG1wbWV0YSB4bWxuczp4PSJhZG9iZTpuczptZXRhLyIgeDp4bXB0az0iQWRvYmUgWE1QIENvcmUgNS42LWMxMzggNzkuMTU5ODI0LCAyMDE2LzA5LzE0LTAxOjA5OjAxICAgICAgICAiPgogPHJkZjpSREYgeG1sbnM6cmRmPSJodHRwOi8vd3d3LnczLm9yZy8xOTk5LzAyLzIyLXJkZi1zeW50YXgtbnMjIj4KICA8cmRmOkRlc2NyaXB0aW9uIHJkZjphYm91dD0iIi8+CiA8L3JkZjpSREY+CjwveDp4bXBtZXRhPgo8P3hwYWNrZXQgZW5kPSJyIj8+IEmuOgAAAx5JREFUaIHtmj1L81wYx39JI75AbYtgBTFTRdQGXV2cxMlPICjiakHE0cVJB5FO4uLgN1AnZ\/0EgoLQtd6tL6hJIwia9DzDg6Wxpcb7hMTe+INCz+t1\/TnJuU7OOYoQ4g8Qpz2xFSGEiNoLGVTAjtoJCWw1ag9k0eoTQgg2NzcplUp0dHRE5VNTHMdB0zTy+TydnZ21fI8Ay7K4vr4ml8uRSqVCd7IVQgjW19cpFAoYhlHLbxiBTCbD9PR06A76YXx8HNd1PXmed0BRFBzHwTTNUB3zy\/v7O7FYzJPX9i\/xr4Co0b6u0prj42Pu7u5a1unp6UHXdSYmJkgmk7ImPUgLWFlZoVQq+aqbSCSYn59ne3ubRCIhaxoI4BHSdd13Xcuy2N\/fxzCML0fNL9IjoChK7f\/p6Smjo6MNdWzb5vz8nI2NDUzTpFgsMjMzw+Xlpax5eQH1TE5OMjAw0LQsm80yNzdHNpvFtm2urq44PDxkaWlJymags9D9\/X3Lcl3X2dnZqaX39vakbYY+jS4uLtLV1QXAxcUFlUpFqr\/QBXR3d9Pf3w\/8v8J8fn6W6i90Aa7r8vT0BEAsFpOeTkMXcHJywsvLCwAjIyPSgS1QAb29vS3LHx4eyOVytfTy8rK0zUAFPD4+8vb25vm9vr5SLBY5ODjAMAzK5TIAQ0NDrK6uStsMNA7Mzs42rNfrn\/kP0uk0Z2dnaJq8+UAFfHb0M6qqsrCwwO7uLn19fYHYDFTA2tpa00isaRqDg4NMTU19a+3kh0AFbG1t1YJUWAT6EhcKhSC780Xbf5H9CoiaXwFRIy2gPng5jiPb3beRjgPDw8NYlgUQegyAAAQcHR3xccgTxNrmu0hbjMJpj32ZxkIITNOkWq16tlf8tlVVlWQy+e229UgLKJfLuK77VwI+PikjE6CqKmNjYzJdSPPvxQFVVT2HaD8JVVX5fKzdcEZWLpe5vb39cYd8ADc3Nw1nZB4B8XicdDpNPp+PJCi1wnEcUqkUmUzGk68IISp8uitRqVSoVqth+ueLJntIdtNZ6Kv9nZ9E21\/20IASbXzd5j\/MIQu2KoJrJwAAAABJRU5ErkJggg=='); background-size: 14px 14px; background-color: #000000; position: absolute; opacity: 1; z-index: 86753099; display: none; cursor: pointer; border: none; border-top-left-radius: 3px; border-top-right-radius: 3px; border-bottom-right-radius: 3px; border-bottom-left-radius: 3px; text-indent: 20px; padding: 0px 4px 0px 0px; text-align: center; font-style: normal; font-variant-caps: normal; font-weight: bold; font-stretch: normal; font-size: 11px; line-height: 20px; font-family: 'Helvetica Neue', Helvetica, sans-serif; color: #ffffff; text-transform: capitalize; -webkit-font-smoothing: antialiased; top: 904px; left: 20px; background-position: 3px 50%; background-repeat: no-repeat no-repeat;\">plan it<\/button><\/p>\n\n\n<figure class=\"wp-block-image size-large\"><img decoding=\"async\" loading=\"lazy\" width=\"1024\" height=\"557\" src=\"https:\/\/bds.ens-paris-saclay.fr\/wp-content\/uploads\/2025\/03\/Capture-decran-2025-03-17-131442-1024x557.png\" alt=\"\" class=\"wp-image-2644\" srcset=\"https:\/\/bds.ens-paris-saclay.fr\/wp-content\/uploads\/2025\/03\/Capture-decran-2025-03-17-131442-1024x557.png 1024w, https:\/\/bds.ens-paris-saclay.fr\/wp-content\/uploads\/2025\/03\/Capture-decran-2025-03-17-131442-300x163.png 300w, https:\/\/bds.ens-paris-saclay.fr\/wp-content\/uploads\/2025\/03\/Capture-decran-2025-03-17-131442-768x417.png 768w, https:\/\/bds.ens-paris-saclay.fr\/wp-content\/uploads\/2025\/03\/Capture-decran-2025-03-17-131442.png 1264w\" sizes=\"(max-width: 1024px) 100vw, 1024px\" \/><\/figure>\n","protected":false},"excerpt":{"rendered":"<p>La ML, ou \u00ab\u00a0mailing-list\u00a0\u00bb, te permet de recevoir les infos importantes comme les matchs des \u00e9quipes de ton \u00e9cole \u00e0 ne pas manquer, les tournois inter-\u00e9coles qui arrivent, ou encore les r\u00e9sultats de la semaine pass\u00e9e. C&rsquo;est aussi l\u00e0 que la team [AS]thmatique fera passer ses informations \u00e0 l&rsquo;attention des adh\u00e9rents \u00e9tudiants du BDS et [&hellip;]<\/p>\n","protected":false},"author":1,"featured_media":0,"parent":0,"menu_order":0,"comment_status":"closed","ping_status":"open","template":"","meta":{"_mi_skip_tracking":false},"_links":{"self":[{"href":"https:\/\/bds.ens-paris-saclay.fr\/index.php?rest_route=\/wp\/v2\/pages\/802"}],"collection":[{"href":"https:\/\/bds.ens-paris-saclay.fr\/index.php?rest_route=\/wp\/v2\/pages"}],"about":[{"href":"https:\/\/bds.ens-paris-saclay.fr\/index.php?rest_route=\/wp\/v2\/types\/page"}],"author":[{"embeddable":true,"href":"https:\/\/bds.ens-paris-saclay.fr\/index.php?rest_route=\/wp\/v2\/users\/1"}],"replies":[{"embeddable":true,"href":"https:\/\/bds.ens-paris-saclay.fr\/index.php?rest_route=%2Fwp%2Fv2%2Fcomments&post=802"}],"version-history":[{"count":22,"href":"https:\/\/bds.ens-paris-saclay.fr\/index.php?rest_route=\/wp\/v2\/pages\/802\/revisions"}],"predecessor-version":[{"id":2827,"href":"https:\/\/bds.ens-paris-saclay.fr\/index.php?rest_route=\/wp\/v2\/pages\/802\/revisions\/2827"}],"wp:attachment":[{"href":"https:\/\/bds.ens-paris-saclay.fr\/index.php?rest_route=%2Fwp%2Fv2%2Fmedia&parent=802"}],"curies":[{"name":"wp","href":"https:\/\/api.w.org\/{rel}","templated":true}]}}