{"id":827,"date":"2024-11-29T09:01:00","date_gmt":"2024-11-29T07:01:00","guid":{"rendered":"http:\/\/www.bds.ens-cachan.fr\/?page_id=827"},"modified":"2025-10-13T15:59:24","modified_gmt":"2025-10-13T13:59:24","slug":"interens","status":"publish","type":"page","link":"https:\/\/bds.ens-paris-saclay.fr\/?page_id=827","title":{"rendered":"InterENS"},"content":{"rendered":"\n<figure class=\"wp-block-image size-large\"><img decoding=\"async\" loading=\"lazy\" width=\"1024\" height=\"307\" src=\"https:\/\/bds.ens-paris-saclay.fr\/wp-content\/uploads\/2025\/04\/19-1024x307.jpg\" alt=\"\" class=\"wp-image-2809\" srcset=\"https:\/\/bds.ens-paris-saclay.fr\/wp-content\/uploads\/2025\/04\/19-1024x307.jpg 1024w, https:\/\/bds.ens-paris-saclay.fr\/wp-content\/uploads\/2025\/04\/19-300x90.jpg 300w, https:\/\/bds.ens-paris-saclay.fr\/wp-content\/uploads\/2025\/04\/19-768x230.jpg 768w, https:\/\/bds.ens-paris-saclay.fr\/wp-content\/uploads\/2025\/04\/19-1536x461.jpg 1536w, https:\/\/bds.ens-paris-saclay.fr\/wp-content\/uploads\/2025\/04\/19.jpg 2000w\" sizes=\"(max-width: 1024px) 100vw, 1024px\" \/><\/figure>\n\n\n\n<p>Chaque ann\u00e9e, les 5 ENS (Saclay, Lyon, Ulm, Rennes et Pise) se rassemblent pour une lutte sans merci lors d\u2019un week-end sportif mythique : les interENS. Fin novembre, tout le monde se rejoint pour d\u00e9terminer quelle ENS \u00e9crase les autres sans aucune contestation possible. Apr\u00e8s avoir fait du sport ou encourag\u00e9 tes potes toute la journ\u00e9e, tu pourras montrer qui est le meilleur au bar lors de l\u2019\u00e9norme soir\u00e9e du samedi soir. Tout au long du week-end, tu d\u00e9fendras ton \u00e9cole pr\u00e9f\u00e9r\u00e9e en affrontant les copains et copines des autres ENS sur des sports vari\u00e9s, des concours de chants, des battles de musique, et plein de jeux diff\u00e9rents. Que tu sois sportif\u00b7ve ou musicien\u00b7ne, tu auras ta place pour nous faire gagner 4 troph\u00e9es : le troph\u00e9e SLURP qui r\u00e9compense les performances sportives, le troph\u00e9e SMAC pour les performances pompom et chor\u00e9e, le troph\u00e9e Fairplay et le troph\u00e9e de l\u2019ambiance !<\/p>\n\n\n\n<p>Cette ann\u00e9e encore, les ENS s\u2019affronteront dans une comp\u00e9tition de folie.<\/p>\n\n\n\n<p>Aux InterENS sportives 2025, les sports entrant dans le cadre du SLURP propos\u00e9s sont les suivants \u26bd\ufe0f\ud83c\udfc0\ud83c\udfc8\ud83c\udfca\ud83c\udfbe:&nbsp;<\/p>\n\n\n\n<p>\u2022\u2060&nbsp; \u2060Basket, football, handball, volley en \u00e9quipe masculine et f\u00e9minine&nbsp;<\/p>\n\n\n\n<p>\u2022\u2060&nbsp; \u2060Rugby, ultimate en \u00e9quipe mixte&nbsp;<\/p>\n\n\n\n<p>\u2022\u2060&nbsp; \u2060Athl\u00e9tisme, badminton, cross, escalade, natation, p\u00e9tanque, spikeball, tennis et tennis de table en individuel&nbsp;<\/p>\n\n\n\n<p>\ud83d\udc83\ud83c\udffcLe SMAC, comp\u00e9tition de chor\u00e9graphies, promet de vous \u00e9merveiller avec des performances artistiques impressionnantes. Chaque \u00e9cole d\u00e9ploiera son talent pour conqu\u00e9rir le public et le jury avec des danses dynamiques et cr\u00e9atives.<\/p>\n\n\n\n<p>\ud83d\udc51 La comp\u00e9tition des supporter.rices battra son plein : l\u2019\u00e9cole qui mettra le plus d\u2019ambiance se verra couronn\u00e9e pour son enthousiasme, son \u00e9nergie et son soutien ind\u00e9fectible \u00e0 ses \u00e9quipes. Chants, banni\u00e8res, d\u00e9guisements, tout est permis pour porter votre \u00e9cole vers la victoire !<\/p>\n\n\n\n<p>\ud83d\udcaa\ud83c\udffcLe fair-play, valeur essentielle de cette comp\u00e9tition, sera lui aussi r\u00e9compens\u00e9 ! Un troph\u00e9e sp\u00e9cial sera d\u00e9cern\u00e9 \u00e0 l\u2019\u00e9cole qui aura su incarner les plus belles valeurs sportives: respect, solidarit\u00e9 et esprit d\u2019\u00e9quipe.<\/p>\n\n\n\n<p>Que vous soyez athl\u00e8te, artiste ou supporter.rice, il y a une place pour vous dans cette aventure inoubliable !<\/p>\n\n\n\n<p>Toustes ensemble, nous ferons de cette \u00e9dition des InterENS, organis\u00e9e cette ann\u00e9e par le BDS-ULM, un moment inoubliable !<\/p>\n\n\n\n<p>\ud83d\udcc5 Dates : 15 novembre \u2013 16 novembre<\/p>\n\n\n\n<p>\ud83d\udccd Lieu : CREPS de Vichy<\/p>\n\n\n\n<p>\ud83d\udcb0 Prix : 65\u20ac \u00e9tudiant \/ 110\u20ac \u00e9l\u00e8ve&nbsp;<\/p>\n\n\n\n<p>\ud83d\uddd3\ufe0f Inscriptions jusqu\u2019au 24 octobre<\/p>\n\n\n\n<p><\/p>\n\n\n\n<p>Pour participer au sein des \u00e9quipes du SLURP : <\/p>\n\n\n\n<ol>\n<li>Respo badminton : Eliot Czermak<\/li>\n\n\n\n<li>Respo basket H: Titouan Mathey&nbsp;<\/li>\n\n\n\n<li>Respo escalade : Mathis Chevalier&nbsp;<\/li>\n\n\n\n<li>Respo foot H: Badr Marzouki<\/li>\n\n\n\n<li>Respo foot F : Marine Bastida<\/li>\n\n\n\n<li>Respo Basket F : Lisa Marl\u00e9e<\/li>\n\n\n\n<li>Respo hand F : Fantine Moccelin<\/li>\n\n\n\n<li>Respo hand : Thibaut Robert<\/li>\n\n\n\n<li>Respo rugby: Clara Mancicidor&nbsp;<\/li>\n\n\n\n<li>Respo volley f : Am\u00e9lie Carpentier&nbsp;<\/li>\n\n\n\n<li>Respo volley m : Nicolas Lendroit&nbsp;<\/li>\n\n\n\n<li>Respo tennis : <strong>Jules Keil<\/strong>&nbsp;<\/li>\n\n\n\n<li>Respo ultimate : Eliot Reniaud<\/li>\n\n\n\n<li>Respo natation : Hector G\u00f3mez<\/li>\n\n\n\n<li>P\u00e9tanque<\/li>\n\n\n\n<li>Spikeball<\/li>\n\n\n\n<li>Tennis de table <\/li>\n<\/ol>\n\n\n\n<p>Pour participer aux \u00e9preuves du SMAC : <\/p>\n\n\n\n<ol>\n<li>Arthur Lefort &#8211; Chor\u00e9<\/li>\n\n\n\n<li>Lucile Magnier &#8211; Pompom<\/li>\n\n\n\n<li>Anaelle Binet &#8211; Rock<\/li>\n<\/ol>\n\n\n\n<p><\/p>\n\n\n\n<div class=\"is-layout-flex wp-block-buttons\"><\/div>\n\n\n\n<hr class=\"wp-block-separator has-alpha-channel-opacity\"\/>\n\n\n\n<h2>Photos de l&rsquo;\u00e9dition 2023 <\/h2>\n\n\n\n<figure class=\"wp-block-image size-large\"><img decoding=\"async\" loading=\"lazy\" width=\"1024\" height=\"576\" src=\"https:\/\/bds.ens-paris-saclay.fr\/wp-content\/uploads\/2024\/08\/Theotime_P1470497-1024x576.jpg\" alt=\"\" class=\"wp-image-2068\" srcset=\"https:\/\/bds.ens-paris-saclay.fr\/wp-content\/uploads\/2024\/08\/Theotime_P1470497-1024x576.jpg 1024w, https:\/\/bds.ens-paris-saclay.fr\/wp-content\/uploads\/2024\/08\/Theotime_P1470497-300x169.jpg 300w, https:\/\/bds.ens-paris-saclay.fr\/wp-content\/uploads\/2024\/08\/Theotime_P1470497-768x432.jpg 768w, https:\/\/bds.ens-paris-saclay.fr\/wp-content\/uploads\/2024\/08\/Theotime_P1470497-1536x864.jpg 1536w, https:\/\/bds.ens-paris-saclay.fr\/wp-content\/uploads\/2024\/08\/Theotime_P1470497-2048x1152.jpg 2048w, https:\/\/bds.ens-paris-saclay.fr\/wp-content\/uploads\/2024\/08\/Theotime_P1470497-1110x624.jpg 1110w, https:\/\/bds.ens-paris-saclay.fr\/wp-content\/uploads\/2024\/08\/Theotime_P1470497-528x297.jpg 528w\" sizes=\"(max-width: 1024px) 100vw, 1024px\" \/><\/figure>\n\n\n\n<figure class=\"wp-block-image size-large\"><img decoding=\"async\" loading=\"lazy\" width=\"1024\" height=\"684\" src=\"https:\/\/bds.ens-paris-saclay.fr\/wp-content\/uploads\/2024\/08\/DSC_6837-1024x684.jpg\" alt=\"\" class=\"wp-image-2069\" srcset=\"https:\/\/bds.ens-paris-saclay.fr\/wp-content\/uploads\/2024\/08\/DSC_6837-1024x684.jpg 1024w, https:\/\/bds.ens-paris-saclay.fr\/wp-content\/uploads\/2024\/08\/DSC_6837-300x200.jpg 300w, https:\/\/bds.ens-paris-saclay.fr\/wp-content\/uploads\/2024\/08\/DSC_6837-768x513.jpg 768w, https:\/\/bds.ens-paris-saclay.fr\/wp-content\/uploads\/2024\/08\/DSC_6837-1536x1025.jpg 1536w, https:\/\/bds.ens-paris-saclay.fr\/wp-content\/uploads\/2024\/08\/DSC_6837-2048x1367.jpg 2048w\" sizes=\"(max-width: 1024px) 100vw, 1024px\" \/><\/figure>\n\n\n\n<figure class=\"wp-block-image size-large\"><img decoding=\"async\" loading=\"lazy\" width=\"1024\" height=\"681\" src=\"https:\/\/bds.ens-paris-saclay.fr\/wp-content\/uploads\/2024\/08\/DSC_CL-909-1-1024x681.jpg\" alt=\"\" class=\"wp-image-2070\" srcset=\"https:\/\/bds.ens-paris-saclay.fr\/wp-content\/uploads\/2024\/08\/DSC_CL-909-1-1024x681.jpg 1024w, https:\/\/bds.ens-paris-saclay.fr\/wp-content\/uploads\/2024\/08\/DSC_CL-909-1-300x199.jpg 300w, https:\/\/bds.ens-paris-saclay.fr\/wp-content\/uploads\/2024\/08\/DSC_CL-909-1-768x511.jpg 768w, https:\/\/bds.ens-paris-saclay.fr\/wp-content\/uploads\/2024\/08\/DSC_CL-909-1-1536x1021.jpg 1536w, https:\/\/bds.ens-paris-saclay.fr\/wp-content\/uploads\/2024\/08\/DSC_CL-909-1-2048x1362.jpg 2048w\" sizes=\"(max-width: 1024px) 100vw, 1024px\" \/><\/figure>\n\n\n\n\n","protected":false},"excerpt":{"rendered":"<p>Chaque ann\u00e9e, les 5 ENS (Saclay, Lyon, Ulm, Rennes et Pise) se rassemblent pour une lutte sans merci lors d\u2019un week-end sportif mythique : les interENS. Fin novembre, tout le monde se rejoint pour d\u00e9terminer quelle ENS \u00e9crase les autres sans aucune contestation possible. Apr\u00e8s avoir fait du sport ou encourag\u00e9 tes potes toute la [&hellip;]<\/p>\n","protected":false},"author":1,"featured_media":0,"parent":0,"menu_order":0,"comment_status":"closed","ping_status":"open","template":"","meta":{"_mi_skip_tracking":false},"_links":{"self":[{"href":"https:\/\/bds.ens-paris-saclay.fr\/index.php?rest_route=\/wp\/v2\/pages\/827"}],"collection":[{"href":"https:\/\/bds.ens-paris-saclay.fr\/index.php?rest_route=\/wp\/v2\/pages"}],"about":[{"href":"https:\/\/bds.ens-paris-saclay.fr\/index.php?rest_route=\/wp\/v2\/types\/page"}],"author":[{"embeddable":true,"href":"https:\/\/bds.ens-paris-saclay.fr\/index.php?rest_route=\/wp\/v2\/users\/1"}],"replies":[{"embeddable":true,"href":"https:\/\/bds.ens-paris-saclay.fr\/index.php?rest_route=%2Fwp%2Fv2%2Fcomments&post=827"}],"version-history":[{"count":44,"href":"https:\/\/bds.ens-paris-saclay.fr\/index.php?rest_route=\/wp\/v2\/pages\/827\/revisions"}],"predecessor-version":[{"id":2969,"href":"https:\/\/bds.ens-paris-saclay.fr\/index.php?rest_route=\/wp\/v2\/pages\/827\/revisions\/2969"}],"wp:attachment":[{"href":"https:\/\/bds.ens-paris-saclay.fr\/index.php?rest_route=%2Fwp%2Fv2%2Fmedia&parent=827"}],"curies":[{"name":"wp","href":"https:\/\/api.w.org\/{rel}","templated":true}]}}