{"id":944,"date":"2020-10-13T23:25:29","date_gmt":"2020-10-13T21:25:29","guid":{"rendered":"http:\/\/www.bds.ens-cachan.fr\/?page_id=944"},"modified":"2025-04-04T09:33:20","modified_gmt":"2025-04-04T07:33:20","slug":"la-kultte","status":"publish","type":"page","link":"https:\/\/bds.ens-paris-saclay.fr\/?page_id=944","title":{"rendered":"La KULTTE"},"content":{"rendered":"\n<figure class=\"wp-block-image size-large\"><img decoding=\"async\" loading=\"lazy\" width=\"1024\" height=\"307\" src=\"https:\/\/bds.ens-paris-saclay.fr\/wp-content\/uploads\/2025\/04\/40-1024x307.jpg\" alt=\"\" class=\"wp-image-2816\" srcset=\"https:\/\/bds.ens-paris-saclay.fr\/wp-content\/uploads\/2025\/04\/40-1024x307.jpg 1024w, https:\/\/bds.ens-paris-saclay.fr\/wp-content\/uploads\/2025\/04\/40-300x90.jpg 300w, https:\/\/bds.ens-paris-saclay.fr\/wp-content\/uploads\/2025\/04\/40-768x230.jpg 768w, https:\/\/bds.ens-paris-saclay.fr\/wp-content\/uploads\/2025\/04\/40-1536x461.jpg 1536w, https:\/\/bds.ens-paris-saclay.fr\/wp-content\/uploads\/2025\/04\/40.jpg 2000w\" sizes=\"(max-width: 1024px) 100vw, 1024px\" \/><\/figure>\n\n\n<p>Apr\u00e8s avoir bien su\u00e9 lors des <a title=\"Athl\u00e9tisme\" href=\"https:\/\/bds.ens-paris-saclay.fr\/?page_id=683\">entra\u00eenements de course \u00e0 pied de l&rsquo;AS<\/a>, viens utiliser tes nouvelles capacit\u00e9s physiques lors de \u00absorties longues\u00bb le week-end \u00e0 la d\u00e9couverte des for\u00eats parisiennes, des 10km, trails, courses d&rsquo;orientation ou encore raids \u00e9tudiants avec la <a href=\"http:\/\/kultte.ens-cachan.fr\/\">Kultte<\/a>. On s\u2019entra\u00eene pour participer \u00e0 plein de courses dans la r\u00e9gion, avec des grands \u00e9v\u00e8nements comme le raid 28, le dernier homme debout ou l\u2019ekiden du platal. Mais si tu n&rsquo;as pas envie de faire de la course tu es aussi le\u00b7a bienvenu\u00b7e aux entra\u00eenements et au footing du dimanche ! Il y en a pour tous les go\u00fbts et niveaux.&nbsp;<a href=\"https:\/\/bds.ens-paris-saclay.fr\/wp-content\/uploads\/2020\/10\/logo-kultte1.png\"><img decoding=\"async\" loading=\"lazy\" class=\"size-full wp-image-1366 alignright\" src=\"https:\/\/bds.ens-paris-saclay.fr\/wp-content\/uploads\/2020\/10\/logo-kultte1.png\" alt=\"logo kultte\" width=\"421\" height=\"423\" srcset=\"https:\/\/bds.ens-paris-saclay.fr\/wp-content\/uploads\/2020\/10\/logo-kultte1.png 421w, https:\/\/bds.ens-paris-saclay.fr\/wp-content\/uploads\/2020\/10\/logo-kultte1-300x300.png 300w, https:\/\/bds.ens-paris-saclay.fr\/wp-content\/uploads\/2020\/10\/logo-kultte1-150x150.png 150w\" sizes=\"(max-width: 421px) 100vw, 421px\" \/><\/a><\/p>\n<p>Tu pourras aussi d\u00e9couvrir les ap\u00e9ros et les traditionnelles croziflettes Kultte, alors on t\u2019attend !<a href=\"https:\/\/bds.ens-paris-saclay.fr\/?attachment_id=1789\" rel=\"attachment wp-att-1789\"><img decoding=\"async\" loading=\"lazy\" class=\"aligncenter wp-image-1789\" src=\"http:\/\/bds.ens-paris-saclay.fr\/wp-content\/uploads\/2023\/06\/kultte-300x200.jpg\" alt=\"\" width=\"421\" height=\"280\" srcset=\"https:\/\/bds.ens-paris-saclay.fr\/wp-content\/uploads\/2023\/06\/kultte-300x200.jpg 300w, https:\/\/bds.ens-paris-saclay.fr\/wp-content\/uploads\/2023\/06\/kultte-768x512.jpg 768w, https:\/\/bds.ens-paris-saclay.fr\/wp-content\/uploads\/2023\/06\/kultte.jpg 1024w\" sizes=\"(max-width: 421px) 100vw, 421px\" \/><\/a><\/p>\n<p><button style=\"width: auto; height: auto; background-image: url('data:image\/png;base64,iVBORw0KGgoAAAANSUhEUgAAADAAAAAwCAYAAABXAvmHAAABS2lUWHRYTUw6Y29tLmFkb2JlLnhtcAAAAAAAPD94cGFja2V0IGJlZ2luPSLvu78iIGlkPSJXNU0wTXBDZWhpSHpyZVN6TlRjemtjOWQiPz4KPHg6eG1wbWV0YSB4bWxuczp4PSJhZG9iZTpuczptZXRhLyIgeDp4bXB0az0iQWRvYmUgWE1QIENvcmUgNS42LWMxMzggNzkuMTU5ODI0LCAyMDE2LzA5LzE0LTAxOjA5OjAxICAgICAgICAiPgogPHJkZjpSREYgeG1sbnM6cmRmPSJodHRwOi8vd3d3LnczLm9yZy8xOTk5LzAyLzIyLXJkZi1zeW50YXgtbnMjIj4KICA8cmRmOkRlc2NyaXB0aW9uIHJkZjphYm91dD0iIi8+CiA8L3JkZjpSREY+CjwveDp4bXBtZXRhPgo8P3hwYWNrZXQgZW5kPSJyIj8+IEmuOgAAAx5JREFUaIHtmj1L81wYx39JI75AbYtgBTFTRdQGXV2cxMlPICjiakHE0cVJB5FO4uLgN1AnZ\/0EgoLQtd6tL6hJIwia9DzDg6Wxpcb7hMTe+INCz+t1\/TnJuU7OOYoQ4g8Qpz2xFSGEiNoLGVTAjtoJCWw1ag9k0eoTQgg2NzcplUp0dHRE5VNTHMdB0zTy+TydnZ21fI8Ay7K4vr4ml8uRSqVCd7IVQgjW19cpFAoYhlHLbxiBTCbD9PR06A76YXx8HNd1PXmed0BRFBzHwTTNUB3zy\/v7O7FYzJPX9i\/xr4Co0b6u0prj42Pu7u5a1unp6UHXdSYmJkgmk7ImPUgLWFlZoVQq+aqbSCSYn59ne3ubRCIhaxoI4BHSdd13Xcuy2N\/fxzCML0fNL9IjoChK7f\/p6Smjo6MNdWzb5vz8nI2NDUzTpFgsMjMzw+Xlpax5eQH1TE5OMjAw0LQsm80yNzdHNpvFtm2urq44PDxkaWlJymags9D9\/X3Lcl3X2dnZqaX39vakbYY+jS4uLtLV1QXAxcUFlUpFqr\/QBXR3d9Pf3w\/8v8J8fn6W6i90Aa7r8vT0BEAsFpOeTkMXcHJywsvLCwAjIyPSgS1QAb29vS3LHx4eyOVytfTy8rK0zUAFPD4+8vb25vm9vr5SLBY5ODjAMAzK5TIAQ0NDrK6uStsMNA7Mzs42rNfrn\/kP0uk0Z2dnaJq8+UAFfHb0M6qqsrCwwO7uLn19fYHYDFTA2tpa00isaRqDg4NMTU19a+3kh0AFbG1t1YJUWAT6EhcKhSC780Xbf5H9CoiaXwFRIy2gPng5jiPb3beRjgPDw8NYlgUQegyAAAQcHR3xccgTxNrmu0hbjMJpj32ZxkIITNOkWq16tlf8tlVVlWQy+e229UgLKJfLuK77VwI+PikjE6CqKmNjYzJdSPPvxQFVVT2HaD8JVVX5fKzdcEZWLpe5vb39cYd8ADc3Nw1nZB4B8XicdDpNPp+PJCi1wnEcUqkUmUzGk68IISp8uitRqVSoVqth+ueLJntIdtNZ6Kv9nZ9E21\/20IASbXzd5j\/MIQu2KoJrJwAAAABJRU5ErkJggg=='); background-size: 14px 14px; background-color: #000000; position: absolute; opacity: 1; z-index: 86753099; display: none; cursor: pointer; border: none; border-top-left-radius: 3px; border-top-right-radius: 3px; border-bottom-right-radius: 3px; border-bottom-left-radius: 3px; text-indent: 20px; padding: 0px 4px 0px 0px; text-align: center; font-style: normal; font-variant-caps: normal; font-weight: bold; font-stretch: normal; font-size: 11px; line-height: 20px; font-family: 'Helvetica Neue', Helvetica, sans-serif; color: #ffffff; text-transform: capitalize; -webkit-font-smoothing: antialiased; top: 444px; left: 279px; background-position: 3px 50%; background-repeat: no-repeat no-repeat;\">plan it<\/button><\/p>","protected":false},"excerpt":{"rendered":"<p>Apr\u00e8s avoir bien su\u00e9 lors des entra\u00eenements de course \u00e0 pied de l&rsquo;AS, viens utiliser tes nouvelles capacit\u00e9s physiques lors de \u00absorties longues\u00bb le week-end \u00e0 la d\u00e9couverte des for\u00eats parisiennes, des 10km, trails, courses d&rsquo;orientation ou encore raids \u00e9tudiants avec la Kultte. On s\u2019entra\u00eene pour participer \u00e0 plein de courses dans la r\u00e9gion, avec [&hellip;]<\/p>\n","protected":false},"author":1,"featured_media":0,"parent":0,"menu_order":0,"comment_status":"closed","ping_status":"open","template":"","meta":{"_mi_skip_tracking":false},"_links":{"self":[{"href":"https:\/\/bds.ens-paris-saclay.fr\/index.php?rest_route=\/wp\/v2\/pages\/944"}],"collection":[{"href":"https:\/\/bds.ens-paris-saclay.fr\/index.php?rest_route=\/wp\/v2\/pages"}],"about":[{"href":"https:\/\/bds.ens-paris-saclay.fr\/index.php?rest_route=\/wp\/v2\/types\/page"}],"author":[{"embeddable":true,"href":"https:\/\/bds.ens-paris-saclay.fr\/index.php?rest_route=\/wp\/v2\/users\/1"}],"replies":[{"embeddable":true,"href":"https:\/\/bds.ens-paris-saclay.fr\/index.php?rest_route=%2Fwp%2Fv2%2Fcomments&post=944"}],"version-history":[{"count":10,"href":"https:\/\/bds.ens-paris-saclay.fr\/index.php?rest_route=\/wp\/v2\/pages\/944\/revisions"}],"predecessor-version":[{"id":2817,"href":"https:\/\/bds.ens-paris-saclay.fr\/index.php?rest_route=\/wp\/v2\/pages\/944\/revisions\/2817"}],"wp:attachment":[{"href":"https:\/\/bds.ens-paris-saclay.fr\/index.php?rest_route=%2Fwp%2Fv2%2Fmedia&parent=944"}],"curies":[{"name":"wp","href":"https:\/\/api.w.org\/{rel}","templated":true}]}}