{"id":947,"date":"2020-10-13T23:25:40","date_gmt":"2020-10-13T21:25:40","guid":{"rendered":"http:\/\/www.bds.ens-cachan.fr\/?page_id=947"},"modified":"2025-04-04T09:33:51","modified_gmt":"2025-04-04T07:33:51","slug":"le-club-kaillou","status":"publish","type":"page","link":"https:\/\/bds.ens-paris-saclay.fr\/?page_id=947","title":{"rendered":"Le club Caillou"},"content":{"rendered":"\n<figure class=\"wp-block-image size-large\"><img decoding=\"async\" loading=\"lazy\" width=\"1024\" height=\"307\" src=\"https:\/\/bds.ens-paris-saclay.fr\/wp-content\/uploads\/2025\/04\/41-1024x307.jpg\" alt=\"\" class=\"wp-image-2818\" srcset=\"https:\/\/bds.ens-paris-saclay.fr\/wp-content\/uploads\/2025\/04\/41-1024x307.jpg 1024w, https:\/\/bds.ens-paris-saclay.fr\/wp-content\/uploads\/2025\/04\/41-300x90.jpg 300w, https:\/\/bds.ens-paris-saclay.fr\/wp-content\/uploads\/2025\/04\/41-768x230.jpg 768w, https:\/\/bds.ens-paris-saclay.fr\/wp-content\/uploads\/2025\/04\/41-1536x461.jpg 1536w, https:\/\/bds.ens-paris-saclay.fr\/wp-content\/uploads\/2025\/04\/41.jpg 2000w\" sizes=\"(max-width: 1024px) 100vw, 1024px\" \/><\/figure>\n\n\n<p class=\"_04xlpA direction-ltr align-justify para-style-body\"><span class=\"WdYUQQ\">Le Club Caillou rassemble les amoureux et amoureuses du caillou de l\u2019ENS.<\/span><\/p>\n<p class=\"_04xlpA direction-ltr align-justify para-style-body\"><span class=\"WdYUQQ\">Nous organisons des sorties \u00e0 l&rsquo;ext\u00e9rieur, en bloc (\u00e0 Fontainebleau ou \u00e0 la Troche&#8230;) et en voie (au viaduc des Fauvettes par exemple). Nous avons tout le mat\u00e9riel n\u00e9cessaire \u00e0 l&rsquo;organisation de ces sorties, tu n&rsquo;as besoin que d&rsquo;une paire de chaussons ou de bonnes chaussures de sport pour nous rejoindre ! <\/span><span class=\"WdYUQQ\">Et lorsque la m\u00e9t\u00e9o ne le permet pas, nous nous r\u00e9fugions dans les nombreuses salles environnantes.<\/span><\/p>\n<p class=\"_04xlpA direction-ltr align-justify para-style-body\"><span class=\"WdYUQQ\">Compos\u00e9s \u00e0 50% de tartiflette, les caillouteux et les caillouteuses, aussi appel\u00e9s cailloux, vous accueilleront avec plaisir quelque soit votre niveau. <\/span><span class=\"WdYUQQ\">Alors que vous ayez le vertige sur une chaise ou que vous sortiez du 9c+, on vous attend !<\/span><\/p>\n<p><img decoding=\"async\" loading=\"lazy\" class=\"aligncenter  wp-image-1318\" style=\"caret-color: #000000; color: #000000;\" src=\"https:\/\/bds.ens-paris-saclay.fr\/wp-content\/uploads\/2020\/10\/500pxtransparent_m.png\" alt=\"500pxtransparent_m\" width=\"355\" height=\"355\" srcset=\"https:\/\/bds.ens-paris-saclay.fr\/wp-content\/uploads\/2020\/10\/500pxtransparent_m.png 500w, https:\/\/bds.ens-paris-saclay.fr\/wp-content\/uploads\/2020\/10\/500pxtransparent_m-300x300.png 300w, https:\/\/bds.ens-paris-saclay.fr\/wp-content\/uploads\/2020\/10\/500pxtransparent_m-150x150.png 150w\" sizes=\"(max-width: 355px) 100vw, 355px\" \/><\/p>\n<p>Ce club \u00e9tant un prolongement associatif de l&rsquo;activit\u00e9 escalade propos\u00e9e par l&rsquo;AS, cliquez <a href=\"https:\/\/bds.ens-paris-saclay.fr\/?page_id=130\">ici<\/a> pour en apprendre plus sur l&rsquo;escalade \u00e0 l&rsquo;ENS !<\/p>\n<p>Si vous voulez contacter le club caillou afin de les rejoindre et d&rsquo;en apprendre plus sur les activit\u00e9s qu&rsquo;ils proposent, cliquez <a href=\"https:\/\/discord.gg\/KS8x5T8\">ici<\/a> pour aller sur leur Discord et ou rendez-vous sur leur instagram : @club_caillou !<\/p>\n<p><button style=\"width: auto; height: auto; background-image: url('data:image\/png;base64,iVBORw0KGgoAAAANSUhEUgAAADAAAAAwCAYAAABXAvmHAAABS2lUWHRYTUw6Y29tLmFkb2JlLnhtcAAAAAAAPD94cGFja2V0IGJlZ2luPSLvu78iIGlkPSJXNU0wTXBDZWhpSHpyZVN6TlRjemtjOWQiPz4KPHg6eG1wbWV0YSB4bWxuczp4PSJhZG9iZTpuczptZXRhLyIgeDp4bXB0az0iQWRvYmUgWE1QIENvcmUgNS42LWMxMzggNzkuMTU5ODI0LCAyMDE2LzA5LzE0LTAxOjA5OjAxICAgICAgICAiPgogPHJkZjpSREYgeG1sbnM6cmRmPSJodHRwOi8vd3d3LnczLm9yZy8xOTk5LzAyLzIyLXJkZi1zeW50YXgtbnMjIj4KICA8cmRmOkRlc2NyaXB0aW9uIHJkZjphYm91dD0iIi8+CiA8L3JkZjpSREY+CjwveDp4bXBtZXRhPgo8P3hwYWNrZXQgZW5kPSJyIj8+IEmuOgAAAx5JREFUaIHtmj1L81wYx39JI75AbYtgBTFTRdQGXV2cxMlPICjiakHE0cVJB5FO4uLgN1AnZ\/0EgoLQtd6tL6hJIwia9DzDg6Wxpcb7hMTe+INCz+t1\/TnJuU7OOYoQ4g8Qpz2xFSGEiNoLGVTAjtoJCWw1ag9k0eoTQgg2NzcplUp0dHRE5VNTHMdB0zTy+TydnZ21fI8Ay7K4vr4ml8uRSqVCd7IVQgjW19cpFAoYhlHLbxiBTCbD9PR06A76YXx8HNd1PXmed0BRFBzHwTTNUB3zy\/v7O7FYzJPX9i\/xr4Co0b6u0prj42Pu7u5a1unp6UHXdSYmJkgmk7ImPUgLWFlZoVQq+aqbSCSYn59ne3ubRCIhaxoI4BHSdd13Xcuy2N\/fxzCML0fNL9IjoChK7f\/p6Smjo6MNdWzb5vz8nI2NDUzTpFgsMjMzw+Xlpax5eQH1TE5OMjAw0LQsm80yNzdHNpvFtm2urq44PDxkaWlJymags9D9\/X3Lcl3X2dnZqaX39vakbYY+jS4uLtLV1QXAxcUFlUpFqr\/QBXR3d9Pf3w\/8v8J8fn6W6i90Aa7r8vT0BEAsFpOeTkMXcHJywsvLCwAjIyPSgS1QAb29vS3LHx4eyOVytfTy8rK0zUAFPD4+8vb25vm9vr5SLBY5ODjAMAzK5TIAQ0NDrK6uStsMNA7Mzs42rNfrn\/kP0uk0Z2dnaJq8+UAFfHb0M6qqsrCwwO7uLn19fYHYDFTA2tpa00isaRqDg4NMTU19a+3kh0AFbG1t1YJUWAT6EhcKhSC780Xbf5H9CoiaXwFRIy2gPng5jiPb3beRjgPDw8NYlgUQegyAAAQcHR3xccgTxNrmu0hbjMJpj32ZxkIITNOkWq16tlf8tlVVlWQy+e229UgLKJfLuK77VwI+PikjE6CqKmNjYzJdSPPvxQFVVT2HaD8JVVX5fKzdcEZWLpe5vb39cYd8ADc3Nw1nZB4B8XicdDpNPp+PJCi1wnEcUqkUmUzGk68IISp8uitRqVSoVqth+ueLJntIdtNZ6Kv9nZ9E21\/20IASbXzd5j\/MIQu2KoJrJwAAAABJRU5ErkJggg=='); background-size: 14px 14px; background-color: #000000; position: absolute; opacity: 1; z-index: 86753099; display: none; cursor: pointer; border: none; border-top-left-radius: 3px; border-top-right-radius: 3px; border-bottom-right-radius: 3px; border-bottom-left-radius: 3px; text-indent: 20px; padding: 0px 4px 0px 0px; text-align: center; font-style: normal; font-variant-caps: normal; font-weight: bold; font-stretch: normal; font-size: 11px; line-height: 20px; font-family: 'Helvetica Neue', Helvetica, sans-serif; color: #ffffff; text-transform: capitalize; -webkit-font-smoothing: antialiased; top: 540px; left: 239px; background-position: 3px 50%; background-repeat: no-repeat no-repeat;\">plan it<\/button><\/p>","protected":false},"excerpt":{"rendered":"<p>Le Club Caillou rassemble les amoureux et amoureuses du caillou de l\u2019ENS. Nous organisons des sorties \u00e0 l&rsquo;ext\u00e9rieur, en bloc (\u00e0 Fontainebleau ou \u00e0 la Troche&#8230;) et en voie (au viaduc des Fauvettes par exemple). Nous avons tout le mat\u00e9riel n\u00e9cessaire \u00e0 l&rsquo;organisation de ces sorties, tu n&rsquo;as besoin que d&rsquo;une paire de chaussons ou [&hellip;]<\/p>\n","protected":false},"author":1,"featured_media":0,"parent":0,"menu_order":0,"comment_status":"closed","ping_status":"open","template":"","meta":{"_mi_skip_tracking":false},"_links":{"self":[{"href":"https:\/\/bds.ens-paris-saclay.fr\/index.php?rest_route=\/wp\/v2\/pages\/947"}],"collection":[{"href":"https:\/\/bds.ens-paris-saclay.fr\/index.php?rest_route=\/wp\/v2\/pages"}],"about":[{"href":"https:\/\/bds.ens-paris-saclay.fr\/index.php?rest_route=\/wp\/v2\/types\/page"}],"author":[{"embeddable":true,"href":"https:\/\/bds.ens-paris-saclay.fr\/index.php?rest_route=\/wp\/v2\/users\/1"}],"replies":[{"embeddable":true,"href":"https:\/\/bds.ens-paris-saclay.fr\/index.php?rest_route=%2Fwp%2Fv2%2Fcomments&post=947"}],"version-history":[{"count":10,"href":"https:\/\/bds.ens-paris-saclay.fr\/index.php?rest_route=\/wp\/v2\/pages\/947\/revisions"}],"predecessor-version":[{"id":2819,"href":"https:\/\/bds.ens-paris-saclay.fr\/index.php?rest_route=\/wp\/v2\/pages\/947\/revisions\/2819"}],"wp:attachment":[{"href":"https:\/\/bds.ens-paris-saclay.fr\/index.php?rest_route=%2Fwp%2Fv2%2Fmedia&parent=947"}],"curies":[{"name":"wp","href":"https:\/\/api.w.org\/{rel}","templated":true}]}}